{"id":621,"date":"2023-07-10T14:17:47","date_gmt":"2023-07-10T07:17:47","guid":{"rendered":"https:\/\/flexiiform.vn\/?post_type=product&#038;p=621"},"modified":"2025-03-24T10:13:15","modified_gmt":"2025-03-24T03:13:15","slug":"flexiismart","status":"publish","type":"product","link":"https:\/\/flexiiform.vn\/en\/flexiiform-san-pham\/flexiismart\/","title":{"rendered":"FlexiiSmart\u2122"},"content":{"rendered":"\t\t<div data-elementor-type=\"wp-post\" data-elementor-id=\"621\" class=\"elementor elementor-621\" data-elementor-post-type=\"product\">\n\t\t\t\t\t\t<section class=\"elementor-section elementor-top-section elementor-element elementor-element-7fcd2bff elementor-section-boxed elementor-section-height-default elementor-section-height-default\" data-id=\"7fcd2bff\" data-element_type=\"section\" data-e-type=\"section\">\n\t\t\t\t\t\t<div class=\"elementor-container elementor-column-gap-default\">\n\t\t\t\t\t<div class=\"elementor-column elementor-col-100 elementor-top-column elementor-element elementor-element-56dcc23a\" data-id=\"56dcc23a\" data-element_type=\"column\" data-e-type=\"column\">\n\t\t\t<div class=\"elementor-widget-wrap elementor-element-populated\">\n\t\t\t\t\t\t<div class=\"elementor-element elementor-element-769a480 elementor-widget elementor-widget-text-editor\" data-id=\"769a480\" data-element_type=\"widget\" data-e-type=\"widget\" data-widget_type=\"text-editor.default\">\n\t\t\t\t<div class=\"elementor-widget-container\">\n\t\t\t\t\t\t\t\t\t<p>M\u00e1i che di \u0111\u1ed9ng l\u00e0 m\u1ed9t h\u00ecnh th\u1ee9c m\u00e1i che ph\u1ed5 bi\u1ebfn, \u0111\u01b0\u1ee3c \u1ee9ng d\u1ee5ng trong \u0111a d\u1ea1ng c\u00f4ng tr\u00ecnh nh\u01b0 s\u00e2n th\u01b0\u1ee3ng t\u01b0 gia, \u0111\u1ecba \u0111i\u1ec3m vui ch\u01a1i gi\u1ea3i tr\u00ed \u0111\u1ebfn c\u00e1c qu\u00e1n bar, coffee ngo\u00e0i tr\u1eddi\u2026<\/p><p>V\u1edbi h\u1ec7 khung v\u00e0 ray tr\u01b0\u1ee3t \u0111\u01b0\u1ee3c s\u1ea3n xu\u1ea5t t\u1eeb nh\u00f4m \u0111\u1ecbnh h\u00ecnh cao c\u1ea5p (nh\u1eadp kh\u1ea9u tr\u1ef1c ti\u1ebfp Ch\u00e2u \u00c2u) k\u1ebft h\u1ee3p c\u00f9ng v\u1eadt li\u1ec7u b\u1ea1t c\u0103ng l\u00e0 \u0111i\u1ec1u khi\u1ebfn h\u1ec7 th\u1ed1ng m\u00e1i che di \u0111\u1ed9ng, r\u00e8m cu\u1ed1n t\u1ef1 \u0111\u1ed9ng t\u1ea1i Flexiiform n\u1ed5i b\u1eadt c\u00f9ng nhi\u1ec1u \u01b0u \u0111i\u1ec3m v\u01b0\u1ee3t tr\u1ed9i.&nbsp;<span style=\"font-family: var( --e-global-typography-text-font-family ), Sans-serif; font-size: var( --e-global-typography-text-font-size ); font-weight: var( --e-global-typography-text-font-weight ); color: var( --e-global-color-7c76966 );\">Kh\u00f4ng ch\u1ec9 c\u00f3<\/span><span style=\"font-family: var( --e-global-typography-text-font-family ), Sans-serif; font-size: var( --e-global-typography-text-font-size ); font-weight: var( --e-global-typography-text-font-weight ); color: var( --e-global-color-7c76966 );\">&nbsp;thi\u1ebft k\u1ebf tinh g\u1ecdn, s\u1eafc s\u1ea3o, linh ho\u1ea1t trong s\u1eed d\u1ee5ng, \u0111\u1ed9 b\u1ec1n cao c\u0169ng gi\u00fap c\u00f4ng tr\u00ecnh c\u1eaft gi\u1ea3m t\u1ed1i \u0111a c\u00e1c chi ph\u00ed b\u1ea3o tr\u00ec.<\/span><\/p>\n<p>V\u1edbi nhi\u1ec1u ti\u1ec7n \u00edch n\u00eau tr\u00ean, Flexiiform mang \u0111\u1ebfn s\u1ef1 kh\u00e1c bi\u1ec7t n\u1ed5i tr\u1ed9i cho d\u00f2ng s\u1ea3n ph\u1ea9m FlexiiSmart so v\u1edbi c\u00e1c s\u1ea3n ph\u1ea9m m\u00e1i che truy\u1ec1n th\u1ed1ng tr\u00ean th\u1ecb tr\u01b0\u1eddng. H\u1ec7 th\u1ed1ng m\u00e1i che di \u0111\u1ed9ng m\u00e0 Flexiiform mang l\u1ea1i ch\u1eafc ch\u1eafn s\u1ebd t\u1ea1o n\u00ean&nbsp;<span style=\"font-family: var( --e-global-typography-text-font-family ), Sans-serif; font-size: var( --e-global-typography-text-font-size ); font-weight: var( --e-global-typography-text-font-weight ); color: var( --e-global-color-7c76966 );\">nh\u1eefng tr\u1ea3i nghi\u1ec7m m\u1edbi m\u1ebb v\u00e0 hi\u1ec7n \u0111\u1ea1i<\/span><span style=\"font-family: var( --e-global-typography-text-font-family ), Sans-serif; font-size: var( --e-global-typography-text-font-size ); font-weight: var( --e-global-typography-text-font-weight ); color: var( --e-global-color-7c76966 );\">&nbsp;cho qu\u00fd kh\u00e1ch h\u00e0ng.<\/span><\/p>\t\t\t\t\t\t\t\t<\/div>\n\t\t\t\t<\/div>\n\t\t\t\t\t<\/div>\n\t\t<\/div>\n\t\t\t\t\t<\/div>\n\t\t<\/section>\n\t\t\t\t<\/div>\n\t\t","protected":false},"excerpt":{"rendered":"<p>H\u1ec7 Th\u1ed1ng Di \u0110\u1ed9ng Th\u00f4ng Minh<\/p>\n","protected":false},"author":1,"featured_media":2546,"parent":0,"menu_order":1,"template":"","format":"standard","meta":{"_acf_changed":false,"uix_meta_title":"","uix_meta_description":"","uix_canonical_url":"","footnotes":""},"product":[138],"class_list":["post-621","product","type-product","status-publish","format-standard","has-post-thumbnail","hentry","product-flexiismart"],"acf":[],"_links":{"self":[{"href":"https:\/\/flexiiform.vn\/en\/wp-json\/wp\/v2\/product\/621"}],"collection":[{"href":"https:\/\/flexiiform.vn\/en\/wp-json\/wp\/v2\/product"}],"about":[{"href":"https:\/\/flexiiform.vn\/en\/wp-json\/wp\/v2\/types\/product"}],"author":[{"embeddable":true,"href":"https:\/\/flexiiform.vn\/en\/wp-json\/wp\/v2\/users\/1"}],"version-history":[{"count":22,"href":"https:\/\/flexiiform.vn\/en\/wp-json\/wp\/v2\/product\/621\/revisions"}],"predecessor-version":[{"id":8231,"href":"https:\/\/flexiiform.vn\/en\/wp-json\/wp\/v2\/product\/621\/revisions\/8231"}],"wp:featuredmedia":[{"embeddable":true,"href":"https:\/\/flexiiform.vn\/en\/wp-json\/wp\/v2\/media\/2546"}],"wp:attachment":[{"href":"https:\/\/flexiiform.vn\/en\/wp-json\/wp\/v2\/media?parent=621"}],"wp:term":[{"taxonomy":"product","embeddable":true,"href":"https:\/\/flexiiform.vn\/en\/wp-json\/wp\/v2\/product?post=621"}],"curies":[{"name":"wp","href":"https:\/\/api.w.org\/{rel}","templated":true}]}}