{"id":622,"date":"2023-07-10T14:17:47","date_gmt":"2023-07-10T07:17:47","guid":{"rendered":"https:\/\/flexiiform.vn\/?post_type=product&#038;p=622"},"modified":"2025-03-24T10:13:15","modified_gmt":"2025-03-24T03:13:15","slug":"flexiitent","status":"publish","type":"product","link":"https:\/\/flexiiform.vn\/en\/flexiiform-san-pham\/flexiitent\/","title":{"rendered":"FlexiiTent\u2122"},"content":{"rendered":"\t\t<div data-elementor-type=\"wp-post\" data-elementor-id=\"622\" class=\"elementor elementor-622\" data-elementor-post-type=\"product\">\n\t\t\t\t<div class=\"elementor-element elementor-element-3a9eb35e e-flex e-con-boxed e-con e-parent\" data-id=\"3a9eb35e\" data-element_type=\"container\" data-e-type=\"container\">\n\t\t\t\t\t<div class=\"e-con-inner\">\n\t\t\t\t<div class=\"elementor-element elementor-element-f648fe9 elementor-widget elementor-widget-text-editor\" data-id=\"f648fe9\" data-element_type=\"widget\" data-e-type=\"widget\" data-widget_type=\"text-editor.default\">\n\t\t\t\t<div class=\"elementor-widget-container\">\n\t\t\t\t\t\t\t\t\t<p style=\"text-align: justify;\">Kh\u00e1c v\u1edbi c\u00e1c lo\u1ea1i b\u1ea1t th\u00f4ng th\u01b0\u1eddng v\u00e0 \u201cb\u1ea1t l\u1ee3p\u201d truy\u1ec1n th\u1ed1ng, c\u1ea5u tr\u00fac b\u1ea1t c\u0103ng t\u1eeb FlexiiTent\u2122 ho\u00e0n to\u00e0n c\u00f3 kh\u1ea3 n\u0103ng bao che nh\u01b0 m\u1ed9t lo\u1ea1i v\u1eadt li\u1ec7u x\u00e2y d\u1ef1ng. B\u00ean c\u1ea1nh \u0111\u00f3 l\u00e0 kh\u1ea3 n\u0103ng ch\u1ed1ng n\u00f3ng v\u00e0 tr\u00e1nh th\u1ea5t tho\u00e1t nhi\u1ec7t khi s\u1eed d\u1ee5ng m\u00e1y \u0111i\u1ec1u h\u00f2a, l\u1ec1u ngh\u1ec9 d\u01b0\u1ee1ng \u1ee9ng d\u1ee5ng t\u1eeb b\u1ea1t c\u0103ng ho\u00e0n to\u00e0n \u0111\u00e1p \u1ee9ng c\u00e1c y\u00eau c\u1ea7u t\u1ea1o h\u00ecnh, t\u1ea1o n\u00ean m\u1ed9t c\u1ea5u tr\u00fac l\u1ec1u b\u1ea1t \u0111\u1eb9p m\u1eaft v\u00e0 v\u1eefng ch\u00e3i.<\/p><p style=\"text-align: justify;\">Vi\u1ec7c \u1ee9ng d\u1ee5ng v\u00e0 thi c\u00f4ng l\u1ec1u ngh\u1ec9 d\u01b0\u1ee1ng t\u1eeb b\u1ea1t c\u0103ng t\u1ea1i nh\u1eefng \u0111\u1ecba \u0111i\u1ec3m du l\u1ecbch sinh th\u00e1i, ngo\u1ea1i \u00f4\u2026 \u0111\u00e1p \u1ee9ng \u0111\u01b0\u1ee3c kh\u1ea3 n\u0103ng v\u1eadn chuy\u1ec3n tr\u00ean \u0111\u1ecba h\u00ecnh kh\u00f3 kh\u0103n nh\u1edd k\u1ebft c\u1ea5u tinh g\u1ecdn. \u0110\u1ed3ng th\u1eddi, qu\u00e1 tr\u00ecnh thi c\u00f4ng \u0111\u1ea3m b\u1ea3o kh\u00f4ng t\u00e1c \u0111\u1ed9ng qu\u00e1 nhi\u1ec1u \u0111\u1ebfn \u0111i\u1ec1u ki\u1ec7n t\u1ef1 nhi\u00ean, gi\u1eef v\u1eefng h\u1ec7 sinh th\u00e1i nguy\u00ean sinh \u2013 \u0111i\u1ec3m m\u1ea1nh thu h\u00fat kh\u00e1ch du l\u1ecbch.<\/p><p style=\"text-align: justify;\"><a href=\"https:\/\/flexiiform.vn\/top-mau-glamping-tents-leu-nghi-duong-an-tuong-nhat\/\">L\u1ec1u ngh\u1ec9 d\u01b0\u1ee1ng<\/a> FlexiiTent\u2122 l\u00e0 s\u1ef1 l\u1ef1a ch\u1ecdn ph\u00f9 h\u1ee3p cho xu h\u01b0\u1edbng du l\u1ecbch tr\u1ea3i nghi\u1ec7m. M\u00f4 h\u00ecnh n\u00e0y mang l\u1ea1i c\u1ea3m gi\u00e1c h\u00f2a h\u1ee3p v\u1edbi thi\u00ean nhi\u00ean xung quanh m\u00e0 v\u1eabn \u0111\u1ea3m b\u1ea3o c\u00e1c ti\u1ec7n \u00edch c\u01a1 b\u1ea3n.<\/p>\t\t\t\t\t\t\t\t<\/div>\n\t\t\t\t<\/div>\n\t\t\t\t\t<\/div>\n\t\t\t\t<\/div>\n\t\t\t\t<\/div>\n\t\t","protected":false},"excerpt":{"rendered":"<p>L\u1ec1u Ngh\u1ec9 D\u01b0\u1ee1ng<\/p>\n","protected":false},"author":1,"featured_media":3362,"parent":0,"menu_order":2,"template":"","format":"standard","meta":{"_acf_changed":false,"uix_meta_title":"","uix_meta_description":"","uix_canonical_url":"","footnotes":""},"product":[137],"class_list":["post-622","product","type-product","status-publish","format-standard","has-post-thumbnail","hentry","product-flexiitent"],"acf":[],"_links":{"self":[{"href":"https:\/\/flexiiform.vn\/en\/wp-json\/wp\/v2\/product\/622"}],"collection":[{"href":"https:\/\/flexiiform.vn\/en\/wp-json\/wp\/v2\/product"}],"about":[{"href":"https:\/\/flexiiform.vn\/en\/wp-json\/wp\/v2\/types\/product"}],"author":[{"embeddable":true,"href":"https:\/\/flexiiform.vn\/en\/wp-json\/wp\/v2\/users\/1"}],"version-history":[{"count":11,"href":"https:\/\/flexiiform.vn\/en\/wp-json\/wp\/v2\/product\/622\/revisions"}],"predecessor-version":[{"id":9520,"href":"https:\/\/flexiiform.vn\/en\/wp-json\/wp\/v2\/product\/622\/revisions\/9520"}],"wp:featuredmedia":[{"embeddable":true,"href":"https:\/\/flexiiform.vn\/en\/wp-json\/wp\/v2\/media\/3362"}],"wp:attachment":[{"href":"https:\/\/flexiiform.vn\/en\/wp-json\/wp\/v2\/media?parent=622"}],"wp:term":[{"taxonomy":"product","embeddable":true,"href":"https:\/\/flexiiform.vn\/en\/wp-json\/wp\/v2\/product?post=622"}],"curies":[{"name":"wp","href":"https:\/\/api.w.org\/{rel}","templated":true}]}}