{"id":639,"date":"2023-07-10T14:17:54","date_gmt":"2023-07-10T07:17:54","guid":{"rendered":"https:\/\/flexiiform.vn\/?post_type=product&#038;p=639"},"modified":"2025-03-24T11:53:20","modified_gmt":"2025-03-24T04:53:20","slug":"dome-10m","status":"publish","type":"product","link":"https:\/\/flexiiform.vn\/id\/flexiiform-san-pham\/flexiidome\/dome-10m\/","title":{"rendered":"Dome 10M"},"content":{"rendered":"<p style=\"text-align: justify\"><strong>Nh\u00e0 b\u1ea1t d\u1ea1ng c\u1ea7u gia \u0111\u00ecnh \u0111\u01b0\u1eddng k\u00ednh 10 m\u00e9t<\/strong> c\u00f3 h\u00ecnh d\u1ea1ng b\u00e1n c\u1ea7u \u0111\u01b0\u1ee3c s\u1eed d\u1ee5ng cho nhi\u1ec1u m\u1ee5c \u0111\u00edch kh\u00e1c nhau, trong \u0111\u00f3 c\u00f3 l\u00e0m nh\u00e0 \u1edf cho gia \u0111\u00ecnh. <strong>Dome Family<\/strong> c\u00f3 \u0111\u01b0\u1eddng k\u00ednh 10 m\u00e9t v\u00e0 c\u00f3 kh\u00f4ng gian s\u1eed d\u1ee5ng b\u00ean trong r\u1ed9ng r\u00e3i, k\u1ebft h\u1ee3p c\u00e1c m\u00e0u s\u1eafc v\u00e0 h\u1ecda ti\u1ebft kh\u00e1c nhau.<\/p>\n<p><strong>FlexiiDome\u2122<\/strong> c\u00f3 th\u1ec3 t\u00f9y ch\u1ec9nh thi\u1ebft k\u1ebf theo \u00fd mu\u1ed1n c\u1ee7a kh\u00e1ch h\u00e0ng. M\u1ed9t s\u1ed1 c\u00e1ch b\u1ed1 tr\u00ed kh\u00f4ng gian nh\u01b0: m\u1ed9t ph\u00f2ng kh\u00e1ch r\u1ed9ng \u1edf gi\u1eefa, hai ph\u00f2ng ng\u1ee7 \u1edf hai b\u00ean v\u00e0 m\u1ed9t nh\u00e0 v\u1ec7 sinh \u1edf ph\u00eda sau. \u0110\u1ec3 t\u1ea1o s\u1ef1 ti\u1ec7n nghi cho ng\u01b0\u1eddi \u1edf, Dome c\u00f3 th\u1ec3 \u0111\u01b0\u1ee3c trang b\u1ecb th\u00eam c\u00e1c thi\u1ebft b\u1ecb \u0111i\u1ec7n, n\u01b0\u1edbc v\u00e0 \u00e2m thanh ho\u1eb7c l\u1eafp \u0111\u1eb7t c\u00e1c c\u1eeda s\u1ed5 v\u00e0 c\u1eeda ra v\u00e0o \u0111\u1ec3 t\u1ea1o s\u1ef1 th\u00f4ng tho\u00e1ng v\u00e0 thu h\u00fat \u00e1nh s\u00e1ng t\u1ef1 nhi\u00ean.<\/p>\n<p><strong>Dome Family <\/strong>l\u00e0 m\u1ed9t gi\u1ea3i ph\u00e1p tuy\u1ec7t v\u1eddi cho nh\u1eefng ai mu\u1ed1n c\u00f3 m\u1ed9t kh\u00f4ng gian s\u1ed1ng \u0111\u1ed9c \u0111\u00e1o, g\u1ea7n g\u0169i v\u1edbi thi\u00ean nhi\u00ean v\u00e0 <strong>ti\u1ebft ki\u1ec7m chi ph\u00ed<\/strong> x\u00e2y d\u1ef1ng.<\/p>\n<p><strong>\u01afu \u0111i\u1ec3m c\u1ee7a Dome Family 10m:<\/strong><\/p>\n<ul>\n<li>Nh\u00e0 b\u1ea1t \u0111\u01b0\u1ee3c ph\u1ee7 b\u1eb1ng l\u1edbp b\u1ea1t chuy\u00ean d\u1ee5ng c\u00f3 \u0111\u1ed9 b\u1ec1n cao v\u00e0 ch\u1ed1ng th\u1ea5m n\u01b0\u1edbc.<\/li>\n<li>K\u1ebft c\u1ea5u ch\u1ecbu \u0111\u01b0\u1ee3c t\u1ea3i tr\u1ecdng l\u1edbn, ti\u1ebft ki\u1ec7m nguy\u00ean v\u1eadt li\u1ec7u, c\u00e1ch nhi\u1ec7t, ch\u1ed1ng \u1ed3n v\u00e0 th\u1ea9m m\u1ef9.<\/li>\n<\/ul>\n","protected":false},"excerpt":{"rendered":"<p>M\u00e1i Che Nh\u00e0 D\u1ea1ng C\u1ea7u<\/p>\n","protected":false},"author":1,"featured_media":7481,"parent":623,"menu_order":0,"template":"","format":"standard","meta":{"_acf_changed":false,"uix_meta_title":"","uix_meta_description":"","uix_canonical_url":"","footnotes":""},"product":[136],"class_list":["post-639","product","type-product","status-publish","format-standard","has-post-thumbnail","hentry","product-flexiidome"],"acf":[],"_links":{"self":[{"href":"https:\/\/flexiiform.vn\/id\/wp-json\/wp\/v2\/product\/639"}],"collection":[{"href":"https:\/\/flexiiform.vn\/id\/wp-json\/wp\/v2\/product"}],"about":[{"href":"https:\/\/flexiiform.vn\/id\/wp-json\/wp\/v2\/types\/product"}],"author":[{"embeddable":true,"href":"https:\/\/flexiiform.vn\/id\/wp-json\/wp\/v2\/users\/1"}],"version-history":[{"count":7,"href":"https:\/\/flexiiform.vn\/id\/wp-json\/wp\/v2\/product\/639\/revisions"}],"predecessor-version":[{"id":10151,"href":"https:\/\/flexiiform.vn\/id\/wp-json\/wp\/v2\/product\/639\/revisions\/10151"}],"up":[{"embeddable":true,"href":"https:\/\/flexiiform.vn\/id\/wp-json\/wp\/v2\/product\/623"}],"wp:featuredmedia":[{"embeddable":true,"href":"https:\/\/flexiiform.vn\/id\/wp-json\/wp\/v2\/media\/7481"}],"wp:attachment":[{"href":"https:\/\/flexiiform.vn\/id\/wp-json\/wp\/v2\/media?parent=639"}],"wp:term":[{"taxonomy":"product","embeddable":true,"href":"https:\/\/flexiiform.vn\/id\/wp-json\/wp\/v2\/product?post=639"}],"curies":[{"name":"wp","href":"https:\/\/api.w.org\/{rel}","templated":true}]}}