{"id":647,"date":"2023-07-10T14:20:23","date_gmt":"2023-07-10T07:20:23","guid":{"rendered":"https:\/\/flexiiform.vn\/?post_type=product&#038;p=647"},"modified":"2025-03-24T11:53:20","modified_gmt":"2025-03-24T04:53:20","slug":"single-cone","status":"publish","type":"product","link":"https:\/\/flexiiform.vn\/id\/flexiiform-san-pham\/flexiitent\/single-cone\/","title":{"rendered":"Single Cone"},"content":{"rendered":"<p style=\"text-align: justify\"><strong>L\u1ec1u Single Cone do Flexiiform thi\u1ebft k\u1ebf<\/strong> c\u00f3 ki\u1ec3u d\u00e1ng \u0111\u1eb9p m\u1eaft v\u00e0 tinh t\u1ebf, mang \u0111\u1ebfn kh\u00f4ng gian y\u00ean b\u00ecnh v\u00e0 d\u1ec5 ch\u1ecbu cho ng\u01b0\u1eddi d\u00f9ng. L\u1ec1u \u0111\u01b0\u1ee3c l\u00e0m t\u1eeb khung th\u00e9p v\u1eefng ch\u1eafc, v\u1ea3i b\u1ea1t b\u1ec1n \u0111\u1eb9p v\u00e0 c\u1eeda s\u1ed5 tho\u00e1ng m\u00e1t.<strong> L\u1ec1u Single Cone<\/strong> l\u00e0 l\u1ef1a ch\u1ecdn tuy\u1ec7t v\u1eddi cho nh\u1eefng c\u1eb7p \u0111\u00f4i mu\u1ed1n t\u1eadn h\u01b0\u1edfng thi\u00ean nhi\u00ean m\u00e0 kh\u00f4ng ph\u1ea3i lo ng\u1ea1i v\u1ec1 ti\u1ec7n nghi. \u0110\u00e2y c\u0169ng l\u00e0 s\u1ea3n ph\u1ea9m ph\u00f9 h\u1ee3p cho c\u00e1c ch\u1ee7 \u0111\u1ea7u t\u01b0 khu du l\u1ecbch sinh th\u00e1i &#8211; ngh\u1ec9 d\u01b0\u1ee1ng nh\u01b0 <strong>Glamping.<\/strong><\/p>\n<p><strong>\u0110\u1eb7c \u0111i\u1ec3m n\u1ed5i b\u1eadt c\u1ee7a Single Cone:<\/strong><\/p>\n<ul>\n<li>Th\u1ea9m m\u1ef9: thi\u1ebft k\u1ebf tinh t\u1ebf v\u00e0 sang tr\u1ecdng, t\u1ea1o kh\u00f4ng gian ri\u00eang t\u01b0 v\u00e0 tho\u1ea3i m\u00e1i cho ng\u01b0\u1eddi s\u1eed d\u1ee5ng.<\/li>\n<li>An to\u00e0n: k\u1ebft c\u1ea5u ch\u1eafc ch\u1eafn, b\u1ec1n v\u1eefng tr\u01b0\u1edbc t\u00e1c \u0111\u1ed9ng c\u1ee7a c\u00e1c h\u00ecnh th\u00e1i th\u1eddi ti\u1ebft kh\u1eafc nghi\u1ec7t.<\/li>\n<li>Th\u00f4ng tho\u00e1ng: kh\u00f4ng gian b\u00ean trong l\u1ec1u r\u1ed9ng r\u00e3i, tho\u00e1ng m\u00e1t, l\u1edbp b\u1ea1t ph\u1ee7 c\u00f3 kh\u1ea3 n\u0103ng ch\u1ed1ng h\u1ea5p th\u1ee5 nhi\u1ec7t, \u0111\u1ed3ng th\u1eddi tr\u00e1nh th\u1ea5t tho\u00e1t nhi\u1ec7t khi s\u1eed d\u1ee5ng \u0111i\u1ec1u ho\u00e0.<\/li>\n<li>L\u1eafp d\u1ef1ng: nhanh ch\u00f3ng, kh\u00f4ng t\u00e1c \u0111\u1ed9ng \u0111\u1ebfn m\u00f4i tr\u01b0\u1eddng xung quanh.<\/li>\n<li>Tu\u1ef3 ch\u1ec9nh: k\u00edch th\u01b0\u1edbc \u0111a d\u1ea1ng, m\u00e0u s\u1eafc phong ph\u00fa.<\/li>\n<li>Tu\u1ed5i th\u1ecd: t\u1eeb 5-10 n\u0103m (d\u1ec5 d\u00e0ng v\u1ec7 sinh, b\u1ea3o d\u01b0\u1ee1ng).<\/li>\n<\/ul>\n","protected":false},"excerpt":{"rendered":"<p>L\u1ec1u Ngh\u1ec9 D\u01b0\u1ee1ng<\/p>\n","protected":false},"author":1,"featured_media":7477,"parent":622,"menu_order":0,"template":"","format":"standard","meta":{"_acf_changed":false,"uix_meta_title":"","uix_meta_description":"","uix_canonical_url":"","footnotes":""},"product":[137],"class_list":["post-647","product","type-product","status-publish","format-standard","has-post-thumbnail","hentry","product-flexiitent"],"acf":[],"_links":{"self":[{"href":"https:\/\/flexiiform.vn\/id\/wp-json\/wp\/v2\/product\/647"}],"collection":[{"href":"https:\/\/flexiiform.vn\/id\/wp-json\/wp\/v2\/product"}],"about":[{"href":"https:\/\/flexiiform.vn\/id\/wp-json\/wp\/v2\/types\/product"}],"author":[{"embeddable":true,"href":"https:\/\/flexiiform.vn\/id\/wp-json\/wp\/v2\/users\/1"}],"version-history":[{"count":6,"href":"https:\/\/flexiiform.vn\/id\/wp-json\/wp\/v2\/product\/647\/revisions"}],"predecessor-version":[{"id":9235,"href":"https:\/\/flexiiform.vn\/id\/wp-json\/wp\/v2\/product\/647\/revisions\/9235"}],"up":[{"embeddable":true,"href":"https:\/\/flexiiform.vn\/id\/wp-json\/wp\/v2\/product\/622"}],"wp:featuredmedia":[{"embeddable":true,"href":"https:\/\/flexiiform.vn\/id\/wp-json\/wp\/v2\/media\/7477"}],"wp:attachment":[{"href":"https:\/\/flexiiform.vn\/id\/wp-json\/wp\/v2\/media?parent=647"}],"wp:term":[{"taxonomy":"product","embeddable":true,"href":"https:\/\/flexiiform.vn\/id\/wp-json\/wp\/v2\/product?post=647"}],"curies":[{"name":"wp","href":"https:\/\/api.w.org\/{rel}","templated":true}]}}