{"id":648,"date":"2023-07-10T14:20:23","date_gmt":"2023-07-10T07:20:23","guid":{"rendered":"https:\/\/flexiiform.vn\/?post_type=product&#038;p=648"},"modified":"2025-03-24T11:53:20","modified_gmt":"2025-03-24T04:53:20","slug":"cocoon","status":"publish","type":"product","link":"https:\/\/flexiiform.vn\/id\/flexiiform-san-pham\/flexiitent\/cocoon\/","title":{"rendered":"Cocoon"},"content":{"rendered":"<p style=\"text-align: justify\">Ki\u1ebfn tr\u00fac ph\u1ecfng sinh h\u1ecdc l\u00e0 ph\u01b0\u01a1ng ph\u00e1p l\u1ea5y thi\u00ean nhi\u00ean l\u00e0m ngu\u1ed3n c\u1ea3m h\u1ee9ng cho th\u1ea9m m\u1ef9 thi\u1ebft k\u1ebf. D\u1ef1a tr\u00ean c\u1ea3m h\u1ee9ng t\u1eeb b\u1ea3n ch\u1ea5t, \u0111\u1eb7c \u0111i\u1ec3m c\u1ee7a \u0111\u1ed1i t\u01b0\u1ee3ng sinh h\u1ecdc, <strong>l\u1ec1u Cocoon do Flexiiform thi\u1ebft k\u1ebf<\/strong> s\u1eed d\u1ee5ng nguy\u00ean t\u1eafc x\u00e2y d\u1ef1ng c\u00f3 trong m\u00f4i tr\u01b0\u1eddng t\u1ef1 nhi\u00ean. T\u1ea1o n\u00ean m\u1ed9t k\u1ebft c\u1ea5u kh\u00f4ng ch\u1ec9 b\u1ec1n v\u1eefng m\u00e0 c\u00f2n c\u00f3 h\u00ecnh d\u00e1ng h\u1ebft s\u1ee9c \u0111\u1ed9c \u0111\u00e1o.<\/p>\n<p><strong>\u0110\u1eb7c \u0111i\u1ec3m n\u1ed5i b\u1eadt c\u1ee7a Cocoon:<\/strong><\/p>\n<ul>\n<li>Th\u1ea9m m\u1ef9: m\u00f4 ph\u1ecfng h\u00ecnh d\u00e1ng con nh\u1ed9ng v\u1edbi nh\u1eefng \u0111\u01b0\u1eddng cong m\u1ec1m m\u1ea1i v\u00e0 m\u00e0u s\u1eafc ph\u00f9 h\u1ee3p v\u1edbi m\u00f4i tr\u01b0\u1eddng xung quanh, nh\u01b0ng c\u0169ng kh\u00f4ng k\u00e9m ph\u1ea7n n\u1ed5i b\u1eadt v\u00e0 thu h\u00fat.<\/li>\n<li>Kh\u00f4ng gian: r\u1ed9ng r\u00e3i v\u00e0 th\u00f4ng tho\u00e1ng, th\u00edch h\u1ee3p cho m\u1ee5c \u0111\u00edch s\u1eed d\u1ee5ng linh ho\u1ea1t (nh\u00e0 \u1edf, khu du l\u1ecbch sinh th\u00e1i, m\u00f4 h\u00ecnh F&#038;B, nh\u00e0 tr\u01b0ng b\u00e0y\u2026).<\/li>\n<li>An to\u00e0n: kh\u1ea3 n\u0103ng ch\u1ed1ng th\u1ea5m t\u1ed1i \u01b0u, kh\u00f4ng h\u1ea5p th\u1ee5 nhi\u1ec7t, ch\u1ed1ng \u1ea9m m\u1ed1c, ch\u1ed1ng ch\u1ecbu t\u1ed1t tr\u01b0\u1edbc th\u1eddi ti\u1ebft kh\u1eafc nghi\u1ec7t nh\u01b0 gi\u00f4ng b\u00e3o.<\/li>\n<li>L\u1eafp d\u1ef1ng: nhanh ch\u00f3ng, kh\u00f4ng t\u00e1c \u0111\u1ed9ng \u0111\u1ebfn m\u00f4i tr\u01b0\u1eddng xung quanh.<\/li>\n<li>Tu\u1ed5i th\u1ecd: t\u1eeb 5-10 n\u0103m (d\u1ec5 d\u00e0ng v\u1ec7 sinh, b\u1ea3o d\u01b0\u1ee1ng).<\/li>\n<\/ul>\n","protected":false},"excerpt":{"rendered":"<p>L\u1ec1u Ngh\u1ec9 D\u01b0\u1ee1ng<\/p>\n","protected":false},"author":1,"featured_media":4979,"parent":622,"menu_order":0,"template":"","format":"standard","meta":{"_acf_changed":false,"uix_meta_title":"","uix_meta_description":"","uix_canonical_url":"","footnotes":""},"product":[137],"class_list":["post-648","product","type-product","status-publish","format-standard","has-post-thumbnail","hentry","product-flexiitent"],"acf":[],"_links":{"self":[{"href":"https:\/\/flexiiform.vn\/id\/wp-json\/wp\/v2\/product\/648"}],"collection":[{"href":"https:\/\/flexiiform.vn\/id\/wp-json\/wp\/v2\/product"}],"about":[{"href":"https:\/\/flexiiform.vn\/id\/wp-json\/wp\/v2\/types\/product"}],"author":[{"embeddable":true,"href":"https:\/\/flexiiform.vn\/id\/wp-json\/wp\/v2\/users\/1"}],"version-history":[{"count":5,"href":"https:\/\/flexiiform.vn\/id\/wp-json\/wp\/v2\/product\/648\/revisions"}],"predecessor-version":[{"id":9236,"href":"https:\/\/flexiiform.vn\/id\/wp-json\/wp\/v2\/product\/648\/revisions\/9236"}],"up":[{"embeddable":true,"href":"https:\/\/flexiiform.vn\/id\/wp-json\/wp\/v2\/product\/622"}],"wp:featuredmedia":[{"embeddable":true,"href":"https:\/\/flexiiform.vn\/id\/wp-json\/wp\/v2\/media\/4979"}],"wp:attachment":[{"href":"https:\/\/flexiiform.vn\/id\/wp-json\/wp\/v2\/media?parent=648"}],"wp:term":[{"taxonomy":"product","embeddable":true,"href":"https:\/\/flexiiform.vn\/id\/wp-json\/wp\/v2\/product?post=648"}],"curies":[{"name":"wp","href":"https:\/\/api.w.org\/{rel}","templated":true}]}}