{"id":649,"date":"2023-07-10T14:20:23","date_gmt":"2023-07-10T07:20:23","guid":{"rendered":"https:\/\/flexiiform.vn\/?post_type=product&#038;p=649"},"modified":"2025-03-24T11:53:20","modified_gmt":"2025-03-24T04:53:20","slug":"a-tent","status":"publish","type":"product","link":"https:\/\/flexiiform.vn\/id\/flexiiform-san-pham\/flexiitent\/a-tent\/","title":{"rendered":"A Tent"},"content":{"rendered":"<p style=\"text-align: justify\"><strong>L\u1ec1u ch\u1eef A<\/strong> (A Shape) l\u00e0 lo\u1ea1i l\u1ec1u ngh\u1ec9 d\u01b0\u1ee1ng cao c\u1ea5p <strong>do Flexiiform thi\u1ebft k\u1ebf<\/strong>. L\u1ec1u c\u00f3 thi\u1ebft k\u1ebf nh\u01b0 m\u1ed9t ng\u00f4i nh\u00e0 nh\u1ecf xinh x\u1eafn v\u1edbi m\u00e1i nh\u1ecdn v\u00e0 hai v\u00e1ch th\u1eb3ng \u0111\u1ee9ng. L\u1ec1u \u0111\u01b0\u1ee3c l\u00e0m t\u1eeb v\u1eadt li\u1ec7u b\u1ec1n b\u1ec9, g\u1ed3m khung th\u00e9p, b\u1ea1t ph\u1ee7 v\u00e0 c\u1eeda s\u1ed5. L\u1ec1u c\u00f3 k\u00edch th\u01b0\u1edbc \u0111a d\u1ea1ng v\u00e0 tu\u1ef3 ch\u1ec9nh theo nhu c\u1ea7u s\u1eed d\u1ee5ng, th\u00edch h\u1ee3p cho c\u00e1c c\u1eb7p \u0111\u00f4i, gia \u0111\u00ecnh ho\u1eb7c nh\u00f3m b\u1ea1n. <strong>L\u1ec1u ch\u1eef A<\/strong> l\u00e0 s\u1ef1 l\u1ef1a ch\u1ecdn ho\u00e0n h\u1ea3o cho c\u00e1c khu du l\u1ecbch sinh th\u00e1i, mang \u0111\u1ebfn tr\u1ea3i nghi\u1ec7m tho\u1ea3i m\u00e1i, ti\u1ec7n nghi v\u00e0 kh\u00f3 qu\u00ean cho du kh\u00e1ch.<\/p>\n<p><strong>\u0110\u1eb7c \u0111i\u1ec3m n\u1ed5i b\u1eadt c\u1ee7a A Shape:<\/strong><\/p>\n<ul>\n<li>An to\u00e0n: k\u1ebft c\u1ea5u v\u1eefng ch\u00e3i, ch\u1ed1ng ch\u1ecbu t\u1ed1t tr\u01b0\u1edbc gi\u00f4ng b\u00e3o.<\/li>\n<li>Ti\u1ebft ki\u1ec7m: \u0111i\u1ec7n n\u0103ng do kh\u1ea3 n\u0103ng ch\u1ed1ng tho\u00e1t nhi\u1ec7t khi s\u1eed d\u1ee5ng \u0111i\u1ec1u ho\u00e0.<\/li>\n<li>Th\u1eddi gian thi c\u00f4ng nhanh ch\u00f3ng, c\u00f3 th\u1ec3 s\u1eed d\u1ee5ng ngay sau khi ho\u00e0n th\u00e0nh.<\/li>\n<li>B\u1ea3o v\u1ec7 m\u00f4i tr\u01b0\u1eddng: h\u1ea7u nh\u01b0 kh\u00f4ng t\u00e1c \u0111\u1ed9ng t\u1edbi m\u00f4i tr\u01b0\u1eddng xung quanh, b\u1ea3o v\u1ec7 c\u1ea3nh quan thi\u00ean nhi\u00ean v\u1ed1n c\u00f3.<\/li>\n<li>Th\u1ea9m m\u1ef9: h\u00ecnh d\u00e1ng \u0111\u1eb9p m\u1eaft, c\u1ed5 \u0111i\u1ec3n.<\/li>\n<li>Linh ho\u1ea1t: trong vi\u1ec7c b\u1ed1 tr\u00ed n\u1ed9i th\u1ea5t, tu\u1ef3 ch\u1ec9nh di\u1ec7n t\u00edch v\u00e0 m\u00e0u s\u1eafc b\u1ea1t ph\u1ee7.<\/li>\n<li>Tu\u1ed5i th\u1ecd: t\u1eeb 5-10 n\u0103m (d\u1ec5 d\u00e0ng v\u1ec7 sinh, b\u1ea3o d\u01b0\u1ee1ng m\u00e0 kh\u00f4ng t\u1ed1n nhi\u1ec1u th\u1eddi gian v\u00e0 chi ph\u00ed).<\/li>\n<\/ul>\n","protected":false},"excerpt":{"rendered":"<p>L\u1ec1u Ngh\u1ec9 D\u01b0\u1ee1ng<\/p>\n","protected":false},"author":1,"featured_media":4977,"parent":622,"menu_order":0,"template":"","format":"standard","meta":{"_acf_changed":false,"uix_meta_title":"","uix_meta_description":"","uix_canonical_url":"","footnotes":""},"product":[137],"class_list":["post-649","product","type-product","status-publish","format-standard","has-post-thumbnail","hentry","product-flexiitent"],"acf":[],"_links":{"self":[{"href":"https:\/\/flexiiform.vn\/id\/wp-json\/wp\/v2\/product\/649"}],"collection":[{"href":"https:\/\/flexiiform.vn\/id\/wp-json\/wp\/v2\/product"}],"about":[{"href":"https:\/\/flexiiform.vn\/id\/wp-json\/wp\/v2\/types\/product"}],"author":[{"embeddable":true,"href":"https:\/\/flexiiform.vn\/id\/wp-json\/wp\/v2\/users\/1"}],"version-history":[{"count":5,"href":"https:\/\/flexiiform.vn\/id\/wp-json\/wp\/v2\/product\/649\/revisions"}],"predecessor-version":[{"id":9237,"href":"https:\/\/flexiiform.vn\/id\/wp-json\/wp\/v2\/product\/649\/revisions\/9237"}],"up":[{"embeddable":true,"href":"https:\/\/flexiiform.vn\/id\/wp-json\/wp\/v2\/product\/622"}],"wp:featuredmedia":[{"embeddable":true,"href":"https:\/\/flexiiform.vn\/id\/wp-json\/wp\/v2\/media\/4977"}],"wp:attachment":[{"href":"https:\/\/flexiiform.vn\/id\/wp-json\/wp\/v2\/media?parent=649"}],"wp:term":[{"taxonomy":"product","embeddable":true,"href":"https:\/\/flexiiform.vn\/id\/wp-json\/wp\/v2\/product?post=649"}],"curies":[{"name":"wp","href":"https:\/\/api.w.org\/{rel}","templated":true}]}}