{"id":655,"date":"2023-07-09T14:24:46","date_gmt":"2023-07-09T07:24:46","guid":{"rendered":"https:\/\/flexiiform.vn\/?post_type=product&#038;p=655"},"modified":"2025-03-24T10:13:15","modified_gmt":"2025-03-24T03:13:15","slug":"combine","status":"publish","type":"product","link":"https:\/\/flexiiform.vn\/ko\/flexiiform-san-pham\/flexiismart\/combine\/","title":{"rendered":"Combine"},"content":{"rendered":"<p style=\"text-align: justify\"><strong>FlexiiSmart\u2122<\/strong> l\u00e0 gi\u1ea3i ph\u00e1p m\u00e1i che di \u0111\u1ed9ng th\u00f4ng minh cho kh\u00f4ng gian ngo\u00e0i tr\u1eddi b\u1ec1n v\u1eefng. V\u1edbi kh\u1ea3 n\u0103ng ch\u1ed1ng n\u1eafng, ng\u0103n nhi\u1ec7t v\u00e0 ch\u1ed1ng th\u1ea5m, FlexiiSmart\u2122 gi\u00fap b\u1ea1n t\u1eadn h\u01b0\u1edfng kh\u00f4ng gian s\u1ed1ng ngo\u00e0i tr\u1eddi nh\u01b0 s\u00e2n v\u01b0\u1eddn, ban c\u00f4ng, hi\u00ean v\u00e0 s\u00e2n th\u01b0\u1ee3ng m\u00e0 kh\u00f4ng lo b\u1ecb \u1ea3nh h\u01b0\u1edfng b\u1edfi th\u1eddi ti\u1ebft.<\/p>\n<p>M\u00e1i che di \u0111\u1ed9ng FlexiiSmart\u2122c\u00f3 th\u1ec3 t\u00edch h\u1ee3p v\u1edbi h\u1ec7 th\u1ed1ng che ph\u1ee7 \u0111a d\u1ea1ng, t\u1ea1o ra m\u1ed9t kh\u00f4ng gian \u0111\u01b0\u1ee3c bao che \u0111\u00fang nh\u01b0 \u00fd mu\u1ed1n c\u1ee7a qu\u00fd kh\u00e1ch h\u00e0ng.<\/p>\n<p><strong>\u0110\u1eb7c \u0111i\u1ec3m n\u1ed5i b\u1eadt:<\/strong><\/p>\n<ul>\n<li>Nh\u00f4m \u0111\u1ecbnh h\u00ecnh \u00e9p \u0111\u00f9n.<\/li>\n<li>H\u1ec7 th\u1ed1ng rail \u0111\u01a1n kh\u1ed1i \u0111\u01b0\u1ee3c c\u1ea5p b\u1eb1ng s\u00e1ng ch\u1ebf l\u1ea7n \u0111\u1ea7u ti\u00ean \u0111\u01b0\u1ee3c s\u1eed d\u1ee5ng tr\u00ean th\u1ebf gi\u1edbi.<\/li>\n<li>M\u00e1ng m\u00e1i hi\u00ean gi\u1ea5u b\u00ean trong d\u1ea7m tr\u01b0\u1edbc.<\/li>\n<li>B\u1ea3o \u0111\u1ea3m \u0111\u1ed9 k\u00edn kh\u00ed v\u00e0 ch\u1ed1ng n\u01b0\u1edbc.<\/li>\n<li>Kh\u1ea3 n\u0103ng ch\u1ecbu t\u1ea3i tr\u1ecdng cao.<\/li>\n<li>S\u1ea3n ph\u1ea9m tu\u1ef3 ch\u1ecdn v\u1edbi nhi\u1ec1u k\u00edch th\u01b0\u1edbc.<\/li>\n<li>\u0110\u1ed9 b\u1ec1n cao.<\/li>\n<li>Kh\u1ea3 n\u0103ng ch\u1ed1ng ch\u00e1y, tia c\u1ef1c t\u00edm, gi\u00f3, m\u01b0a cao.<\/li>\n<li>Ch\u1ed1ng ch\u00e1y, ch\u1ecbu nhi\u1ec7t.<\/li>\n<li>C\u1ea5u tr\u00fac b\u1ea3o v\u1ec7 c\u00f3 \u0111\u1ed9 b\u1ec1n ch\u1ed1ng l\u1ea1i \u0111\u1ed9ng \u0111\u1ea5t.<\/li>\n<li>Bu l\u00f4ng neo kh\u00f4ng g\u1ec9.<\/li>\n<li>H\u1ec7 th\u1ed1ng \u0111i\u1ec1u khi\u1ec3n t\u1eeb xa.<\/li>\n<li>D\u1ec5 d\u00e0ng t\u00edch h\u1ee3p h\u1ec7 th\u1ed1ng \u0111\u00e8n chi\u1ebfu di \u0111\u1ed9ng.<\/li>\n<li>M\u00e0u s\u1eafc \u0111a d\u1ea1ng v\u00e0 ch\u1ea5t li\u1ec7u v\u00e2n g\u1ed7<\/li>\n<li>H\u1ec7 th\u1ed1ng \u0111\u1ed9ng c\u01a1 Somfy.<\/li>\n<\/ul>\n","protected":false},"excerpt":{"rendered":"<p>H\u1ec7 Th\u1ed1ng Di \u0110\u1ed9ng Th\u00f4ng Minh<\/p>\n","protected":false},"author":1,"featured_media":4960,"parent":621,"menu_order":0,"template":"","format":"standard","meta":{"_acf_changed":false,"uix_meta_title":"","uix_meta_description":"","uix_canonical_url":"","footnotes":""},"product":[138],"class_list":["post-655","product","type-product","status-publish","format-standard","has-post-thumbnail","hentry","product-flexiismart"],"acf":[],"_links":{"self":[{"href":"https:\/\/flexiiform.vn\/ko\/wp-json\/wp\/v2\/product\/655"}],"collection":[{"href":"https:\/\/flexiiform.vn\/ko\/wp-json\/wp\/v2\/product"}],"about":[{"href":"https:\/\/flexiiform.vn\/ko\/wp-json\/wp\/v2\/types\/product"}],"author":[{"embeddable":true,"href":"https:\/\/flexiiform.vn\/ko\/wp-json\/wp\/v2\/users\/1"}],"version-history":[{"count":11,"href":"https:\/\/flexiiform.vn\/ko\/wp-json\/wp\/v2\/product\/655\/revisions"}],"predecessor-version":[{"id":10144,"href":"https:\/\/flexiiform.vn\/ko\/wp-json\/wp\/v2\/product\/655\/revisions\/10144"}],"up":[{"embeddable":true,"href":"https:\/\/flexiiform.vn\/ko\/wp-json\/wp\/v2\/product\/621"}],"wp:featuredmedia":[{"embeddable":true,"href":"https:\/\/flexiiform.vn\/ko\/wp-json\/wp\/v2\/media\/4960"}],"wp:attachment":[{"href":"https:\/\/flexiiform.vn\/ko\/wp-json\/wp\/v2\/media?parent=655"}],"wp:term":[{"taxonomy":"product","embeddable":true,"href":"https:\/\/flexiiform.vn\/ko\/wp-json\/wp\/v2\/product?post=655"}],"curies":[{"name":"\uc6cc\ub4dc\ud504\ub808\uc2a4","href":"https:\/\/api.w.org\/{rel}","templated":true}]}}