{"id":620,"date":"2023-07-10T14:17:47","date_gmt":"2023-07-10T07:17:47","guid":{"rendered":"https:\/\/flexiiform.vn\/?post_type=product&#038;p=620"},"modified":"2025-03-24T10:13:15","modified_gmt":"2025-03-24T03:13:15","slug":"flexiispan","status":"publish","type":"product","link":"https:\/\/flexiiform.vn\/tl\/flexiiform-san-pham\/flexiispan\/","title":{"rendered":"FlexiiSpan\u2122"},"content":{"rendered":"<p style=\"text-align: justify\">V\u1edbi c\u1ea5u tr\u00fac nh\u1eb9,<strong> Tensile Membrane Structure<\/strong> gi\u00fap cho c\u00e1c nh\u00e0 x\u01b0\u1edfng gi\u1ea3m thi\u1ec3u \u0111\u01b0\u1ee3c c\u00e1c c\u00e1c k\u1ebft c\u1ea5u n\u1eb7ng n\u1ec1 truy\u1ec1n th\u1ed1ng, thay v\u00e0o \u0111\u00f3 l\u00e0 m\u1ed9t k\u1ebft c\u1ea5u v\u01b0\u1ee3t nh\u1ecbp g\u1ecdn g\u00e0ng v\u00e0 th\u1ea9m m\u1ef9. \u0110\u00e2y l\u00e0 s\u1ef1 ph\u1ed1i h\u1ee3p gi\u1eefa nh\u1eefng \u0111\u01b0\u1eddng n\u00e9t th\u1eb3ng, d\u00e0i, kh\u1ecfe kho\u1eafn c\u1ee7a k\u1ebft c\u1ea5u th\u00e9p c\u00f9ng nh\u1eefng \u0111\u01b0\u1eddng cong m\u1ec1m m\u1ea1i c\u1ee7a v\u1eadt li\u1ec7u b\u1ea1t. S\u1ee9c s\u00e1ng t\u1ea1o c\u1ee7a c\u00e1c ki\u1ebfn tr\u00fac s\u01b0 v\u00e0 s\u1ef1 t\u00ednh to\u00e1n t\u1ec9 m\u1ec9 c\u1ee7a k\u1ef9 s\u01b0 k\u1ebft c\u1ea5u s\u1ebd mang \u0111\u1ebfn nh\u1eefng m\u00e1i b\u1ea1t v\u1ebb \u0111\u1eb9p tuy\u1ec7t m\u1ef9, t\u1ea1o \u0111i\u1ec3m nh\u1ea5n ri\u00eang cho kh\u00f4ng gian t\u1eebng nh\u00e0 x\u01b0\u1edfng.<\/p>\n<p style=\"text-align: justify\">\u0110\u1eb7c bi\u1ec7t, m\u00e1i che \u0111\u01b0\u1ee3c c\u1ea5u t\u1ea1o t\u1eeb b\u1ea1t c\u0103ng c\u00f3 th\u1ec3 gi\u1ea3i quy\u1ebft \u0111\u01b0\u1ee3c b\u00e0i to\u00e1n th\u00f4ng tho\u00e1ng kh\u00ed b\u00ean d\u01b0\u1edbi c\u0169ng nh\u01b0 m\u1edf r\u1ed9ng t\u1ea7m nh\u00ecn, che s\u00e1ng, ch\u1ed1ng n\u00f3ng, ng\u0103n c\u1ea3n c\u00e1c tia UV c\u00f3 h\u1ea1i, gi\u1ea3m h\u1ea5p th\u1ee5 nhi\u1ec7t. Hi\u1ec7u qu\u1ea3 trong b\u1ea3o v\u1ec7 con ng\u01b0\u1eddi v\u00e0 thi\u1ebft b\u1ecb n\u1ed9i th\u1ea5t b\u00ean trong.<\/p>\n","protected":false},"excerpt":{"rendered":"<p>M\u00e1i Che Nh\u00e0 X\u01b0\u1edfng C\u00f4ng Nghi\u1ec7p<\/p>\n","protected":false},"author":1,"featured_media":2545,"parent":0,"menu_order":5,"template":"","format":"standard","meta":{"_acf_changed":false,"uix_meta_title":"","uix_meta_description":"","uix_canonical_url":"","footnotes":""},"product":[139],"class_list":["post-620","product","type-product","status-publish","format-standard","has-post-thumbnail","hentry","product-flexiispan"],"acf":[],"_links":{"self":[{"href":"https:\/\/flexiiform.vn\/tl\/wp-json\/wp\/v2\/product\/620"}],"collection":[{"href":"https:\/\/flexiiform.vn\/tl\/wp-json\/wp\/v2\/product"}],"about":[{"href":"https:\/\/flexiiform.vn\/tl\/wp-json\/wp\/v2\/types\/product"}],"author":[{"embeddable":true,"href":"https:\/\/flexiiform.vn\/tl\/wp-json\/wp\/v2\/users\/1"}],"version-history":[{"count":6,"href":"https:\/\/flexiiform.vn\/tl\/wp-json\/wp\/v2\/product\/620\/revisions"}],"predecessor-version":[{"id":8230,"href":"https:\/\/flexiiform.vn\/tl\/wp-json\/wp\/v2\/product\/620\/revisions\/8230"}],"wp:featuredmedia":[{"embeddable":true,"href":"https:\/\/flexiiform.vn\/tl\/wp-json\/wp\/v2\/media\/2545"}],"wp:attachment":[{"href":"https:\/\/flexiiform.vn\/tl\/wp-json\/wp\/v2\/media?parent=620"}],"wp:term":[{"taxonomy":"product","embeddable":true,"href":"https:\/\/flexiiform.vn\/tl\/wp-json\/wp\/v2\/product?post=620"}],"curies":[{"name":"wp","href":"https:\/\/api.w.org\/{rel}","templated":true}]}}