{"id":665,"date":"2023-07-10T14:28:11","date_gmt":"2023-07-10T07:28:11","guid":{"rendered":"https:\/\/flexiiform.vn\/?post_type=product&#038;p=665"},"modified":"2025-03-20T21:11:51","modified_gmt":"2025-03-20T14:11:51","slug":"a-span","status":"publish","type":"product","link":"https:\/\/flexiiform.vn\/tl\/flexiiform-san-pham\/flexiispan\/a-span\/","title":{"rendered":"Roof Span"},"content":{"rendered":"<p style=\"text-align: justify\"><strong>FlexiiSpan<\/strong> l\u00e0 d\u00f2ng k\u1ebft c\u1ea5u ti\u1ec1n ch\u1ebf ph\u00f9 h\u1ee3p cho c\u00e1c \u1ee9ng d\u1ee5ng t\u1ea1m th\u1eddi ho\u1eb7c l\u00e2u d\u00e0i. C\u00f3 thi\u1ebft k\u1ebf m\u00f4-\u0111un linh ho\u1ea1t \u0111\u01b0\u1ee3c chia nh\u1ecbp r\u00f5 r\u00e0ng, kh\u00f4ng c\u1ed9t. H\u1ec7 th\u1ed1ng khung v\u00e0 b\u1ea3ng \u0111i\u1ec1u khi\u1ec3n c\u00f3 th\u1ec3 \u0111\u01b0\u1ee3c l\u1eafp \u0111\u1eb7t m\u1ed9t c\u00e1ch nhanh ch\u00f3ng, \u0111\u1ea3m b\u1ea3o \u0111\u01b0\u1ee3c \u0111\u1ed9 an to\u00e0n v\u00e0 b\u1ec1n \u0111\u1eb9p. \u0110\u00e2y l\u00e0 <strong>gi\u1ea3i ph\u00e1p d\u00e0nh cho Ch\u1ee7 \u0111\u1ea7u t\u01b0<\/strong> c\u00f3 th\u1ec3 <strong>t\u1ed1i \u01b0u ho\u00e1 chi ph\u00ed<\/strong> cho vi\u1ec7c di r\u1eddi th\u01b0\u1eddng xuy\u00ean v\u00e0 b\u1ea3o tr\u00ec.<\/p>\n<p><strong>D\u00f2ng s\u1ea3n ph\u1ea9m FlexiiSpan\u2122:<\/strong><\/p>\n<ul>\n<li>Supa-Span.<\/li>\n<li>Rapid-Span.<\/li>\n<li>Alu-Span.<\/li>\n<\/ul>\n<p><strong>\u1ee8ng d\u1ee5ng FlexiiSpan\u2122:<\/strong><\/p>\n<ul>\n<li>Khu khai th\u00e1c kho\u00e1ng s\u1ea3n, d\u1ea7u m\u1ecf, kh\u00ed \u0111\u1ed1t, kh\u1ea3o c\u1ed5.<\/li>\n<li>Nh\u00e0 x\u01b0\u1edfng: \u0111\u00f3ng t\u00e0u, b\u1ea3o d\u01b0\u1ee1ng m\u00e1y bay.<\/li>\n<li>S\u00e2n th\u1ec3 thao, tr\u01b0\u1eddng \u0111ua.<\/li>\n<li>S\u1ef1 ki\u1ec7n \u00e2m nh\u1ea1c, gi\u1ea3i tr\u00ed.<\/li>\n<li>H\u1ed9i ch\u1ee3, tri\u1ec3n l\u00e3m.<\/li>\n<li>Nh\u00e0 kho l\u01b0u tr\u1eef.<\/li>\n<li>Nh\u00e0 tr\u01b0ng b\u00e0y.<\/li>\n<\/ul>\n","protected":false},"excerpt":{"rendered":"<p>M\u00e1i Che Nh\u00e0 X\u01b0\u1edfng C\u00f4ng Nghi\u1ec7p<\/p>\n","protected":false},"author":1,"featured_media":4954,"parent":620,"menu_order":0,"template":"","format":"standard","meta":{"_acf_changed":false,"uix_meta_title":"","uix_meta_description":"","uix_canonical_url":"","footnotes":""},"product":[139],"class_list":["post-665","product","type-product","status-publish","format-standard","has-post-thumbnail","hentry","product-flexiispan"],"acf":[],"_links":{"self":[{"href":"https:\/\/flexiiform.vn\/tl\/wp-json\/wp\/v2\/product\/665"}],"collection":[{"href":"https:\/\/flexiiform.vn\/tl\/wp-json\/wp\/v2\/product"}],"about":[{"href":"https:\/\/flexiiform.vn\/tl\/wp-json\/wp\/v2\/types\/product"}],"author":[{"embeddable":true,"href":"https:\/\/flexiiform.vn\/tl\/wp-json\/wp\/v2\/users\/1"}],"version-history":[{"count":6,"href":"https:\/\/flexiiform.vn\/tl\/wp-json\/wp\/v2\/product\/665\/revisions"}],"predecessor-version":[{"id":9243,"href":"https:\/\/flexiiform.vn\/tl\/wp-json\/wp\/v2\/product\/665\/revisions\/9243"}],"up":[{"embeddable":true,"href":"https:\/\/flexiiform.vn\/tl\/wp-json\/wp\/v2\/product\/620"}],"wp:featuredmedia":[{"embeddable":true,"href":"https:\/\/flexiiform.vn\/tl\/wp-json\/wp\/v2\/media\/4954"}],"wp:attachment":[{"href":"https:\/\/flexiiform.vn\/tl\/wp-json\/wp\/v2\/media?parent=665"}],"wp:term":[{"taxonomy":"product","embeddable":true,"href":"https:\/\/flexiiform.vn\/tl\/wp-json\/wp\/v2\/product?post=665"}],"curies":[{"name":"wp","href":"https:\/\/api.w.org\/{rel}","templated":true}]}}