{"id":666,"date":"2023-07-10T14:28:11","date_gmt":"2023-07-10T07:28:11","guid":{"rendered":"https:\/\/flexiiform.vn\/?post_type=product&#038;p=666"},"modified":"2025-03-20T16:51:23","modified_gmt":"2025-03-20T09:51:23","slug":"arch-span","status":"publish","type":"product","link":"https:\/\/flexiiform.vn\/tl\/flexiiform-san-pham\/flexiispan\/arch-span\/","title":{"rendered":"Arch Span"},"content":{"rendered":"<p style=\"text-align: justify\"><strong>ArchSpan\u2122<\/strong> l\u00e0 h\u1ec7 m\u00e1i che c\u00f4ng nghi\u1ec7p, mang \u0111\u1ebfn m\u1ed9t kh\u00f4ng gian bao che r\u1ed9ng r\u00e3i, tho\u00e1ng m\u00e1t nh\u1edd v\u00e0o kh\u1ea3 n\u0103ng v\u01b0\u1ee3t nh\u1ecbp l\u1edbn, kh\u00f4ng c\u1ed9t ch\u1ed1ng nh\u01b0ng v\u1eabn r\u1ea5t b\u1ec1n v\u1eefng v\u00e0 an to\u00e0n d\u01b0\u1edbi c\u00e1c y\u1ebfu t\u1ed1 th\u1eddi ti\u1ebft kh\u1eafc nghi\u1ec7t nh\u01b0 gi\u00f4ng l\u1ed1c, b\u00e3o l\u1edbn\u2026<\/p>\n<p style=\"text-align: justify\"><strong>Thi\u1ebft k\u1ebf ArchSpan\u2122<\/strong> ho\u00e0n to\u00e0n \u0111\u01b0\u1ee3c \u0111i\u1ec1u ch\u1ec9nh linh ho\u1ea1t theo nhu c\u1ea7u v\u00e0 \u00fd mu\u1ed1n c\u1ee7a kh\u00e1ch h\u00e0ng, h\u01b0\u1edbng \u0111\u1ebfn c\u1eaft gi\u1ea3m t\u1ed1i \u0111a chi ph\u00ed, b\u1ea3o v\u1ec7 m\u00f4i tr\u01b0\u1eddng m\u00e0 v\u1eabn \u0111\u1ea3m b\u1ea3o t\u00ednh th\u1ea9m m\u1ef9 v\u00e0 tu\u1ed5i th\u1ecd cao.<\/p>\n<p><strong>\u0110\u1eb7c \u0111i\u1ec3m n\u1ed5i b\u1eadt ArchSpan\u2122:<\/strong><\/p>\n<ul>\n<li>B\u1ea1t ph\u1ee7 cao c\u1ea5p, ch\u1ed1ng tia UV, ch\u1ed1ng ch\u00e1y lan, kh\u00f4ng \u1ea9m m\u1ed1c.<\/li>\n<li>L\u1eafp d\u1ef1ng nhanh ch\u00f3ng, \u00edt t\u00e1c \u0111\u1ed9ng \u0111\u1ebfn m\u00f4i tr\u01b0\u1eddng.<\/li>\n<li>H\u1ea1n ch\u1ebf t\u1ed1i \u0111a t\u00e1c \u0111\u1ed9ng t\u1eeb m\u00f4i tr\u01b0\u1eddng.<\/li>\n<li>B\u1ec1n v\u1eefng, th\u1eddi gian s\u1eed d\u1ee5ng l\u00e2u d\u00e0i.<\/li>\n<\/ul>\n<p><strong>\u1ee8ng d\u1ee5ng ArchSpan\u2122:<\/strong><\/p>\n<ul>\n<li>Khu khai th\u00e1c kho\u00e1ng s\u1ea3n, d\u1ea7u m\u1ecf, kh\u00ed \u0111\u1ed1t, kh\u1ea3o c\u1ed5.<\/li>\n<li>Nh\u00e0 x\u01b0\u1edfng: \u0111\u00f3ng t\u00e0u, b\u1ea3o d\u01b0\u1ee1ng m\u00e1y bay.<\/li>\n<li>S\u00e2n th\u1ec3 thao, tr\u01b0\u1eddng \u0111ua.<\/li>\n<li>S\u1ef1 ki\u1ec7n \u00e2m nh\u1ea1c, gi\u1ea3i tr\u00ed.<\/li>\n<li>H\u1ed9i ch\u1ee3, tri\u1ec3n l\u00e3m.<\/li>\n<li>Nh\u00e0 kho l\u01b0u tr\u1eef.<\/li>\n<li>Nh\u00e0 tr\u01b0ng b\u00e0y.<\/li>\n<\/ul>\n","protected":false},"excerpt":{"rendered":"<p>M\u00e1i Che Nh\u00e0 X\u01b0\u1edfng C\u00f4ng Nghi\u1ec7p<\/p>\n","protected":false},"author":1,"featured_media":4952,"parent":620,"menu_order":0,"template":"","format":"standard","meta":{"_acf_changed":false,"uix_meta_title":"","uix_meta_description":"","uix_canonical_url":"","footnotes":""},"product":[139],"class_list":["post-666","product","type-product","status-publish","format-standard","has-post-thumbnail","hentry","product-flexiispan"],"acf":[],"_links":{"self":[{"href":"https:\/\/flexiiform.vn\/tl\/wp-json\/wp\/v2\/product\/666"}],"collection":[{"href":"https:\/\/flexiiform.vn\/tl\/wp-json\/wp\/v2\/product"}],"about":[{"href":"https:\/\/flexiiform.vn\/tl\/wp-json\/wp\/v2\/types\/product"}],"author":[{"embeddable":true,"href":"https:\/\/flexiiform.vn\/tl\/wp-json\/wp\/v2\/users\/1"}],"version-history":[{"count":5,"href":"https:\/\/flexiiform.vn\/tl\/wp-json\/wp\/v2\/product\/666\/revisions"}],"predecessor-version":[{"id":9244,"href":"https:\/\/flexiiform.vn\/tl\/wp-json\/wp\/v2\/product\/666\/revisions\/9244"}],"up":[{"embeddable":true,"href":"https:\/\/flexiiform.vn\/tl\/wp-json\/wp\/v2\/product\/620"}],"wp:featuredmedia":[{"embeddable":true,"href":"https:\/\/flexiiform.vn\/tl\/wp-json\/wp\/v2\/media\/4952"}],"wp:attachment":[{"href":"https:\/\/flexiiform.vn\/tl\/wp-json\/wp\/v2\/media?parent=666"}],"wp:term":[{"taxonomy":"product","embeddable":true,"href":"https:\/\/flexiiform.vn\/tl\/wp-json\/wp\/v2\/product?post=666"}],"curies":[{"name":"wp","href":"https:\/\/api.w.org\/{rel}","templated":true}]}}