{"id":623,"date":"2023-07-10T14:17:47","date_gmt":"2023-07-10T07:17:47","guid":{"rendered":"https:\/\/flexiiform.vn\/?post_type=product&#038;p=623"},"modified":"2025-03-24T12:00:10","modified_gmt":"2025-03-24T05:00:10","slug":"flexiidome","status":"publish","type":"product","link":"https:\/\/flexiiform.vn\/zh\/flexiiform-san-pham\/flexiidome\/","title":{"rendered":"FlexiiDome\u2122"},"content":{"rendered":"<p style=\"text-align: justify\"><strong>Nh\u00e0 b\u1ea1t d\u1ea1ng c\u1ea7u<\/strong> h\u1ea7u h\u1ebft \u0111\u01b0\u1ee3c \u1ee9ng d\u1ee5ng l\u00e0m nh\u00e0 ngh\u1ec9 d\u01b0\u1ee1ng c\u00f3 k\u00edch th\u01b0\u1edbc \u0111\u01b0\u1eddng k\u00ednh<strong> ti\u00eau chu\u1ea9n 6 m\u00e9t<\/strong> v\u00e0 c\u00f3 kh\u00f4ng gian s\u1eed d\u1ee5ng b\u00ean trong r\u1ed9ng r\u00e3i, c\u00f3 th\u1ec3 k\u1ebft h\u1ee3p c\u00e1c m\u00e0u s\u1eafc v\u00e0 h\u1ecda ti\u1ebft kh\u00e1c nhau. <strong>Dome Standard<\/strong> c\u00f3 th\u1ec3 chia th\u00e0nh m\u1ed9t ph\u00f2ng ng\u1ee7 v\u00e0 m\u1ed9t nh\u00e0 v\u1ec7 sinh \u1edf ph\u00eda sau. Ph\u00f2ng ng\u1ee7 \u0111\u01b0\u1ee3c thi\u1ebft k\u1ebf v\u00e0 trang tr\u00ed v\u1edbi c\u00e1c \u0111\u1ed3 n\u1ed9i th\u1ea5t \u0111\u01a1n gi\u1ea3n nh\u01b0 gi\u01b0\u1eddng, t\u1ee7, \u0111\u00e8n,&#8230; Nh\u00e0 v\u1ec7 sinh \u0111\u01b0\u1ee3c trang b\u1ecb c\u00e1c thi\u1ebft b\u1ecb \u0111i\u1ec7n, n\u01b0\u1edbc nh\u1eb1m t\u1ea1o kh\u00f4ng gian tho\u1ea3i m\u00e1i v\u00e0 ti\u1ec7n nghi cho ng\u01b0\u1eddi \u1edf. Ngo\u00e0i ra, <strong>Dome Standard<\/strong> c\u00f3 th\u1ec3 l\u1eafp \u0111\u1eb7t c\u00e1c c\u1eeda s\u1ed5 v\u00e0 c\u1eeda ra v\u00e0o \u0111\u1ec3 t\u1ea1o s\u1ef1 th\u00f4ng tho\u00e1ng v\u00e0 thu h\u00fat \u00e1nh s\u00e1ng t\u1ef1 nhi\u00ean.<\/p>\n<p style=\"text-align: justify\">\u0110\u00e2y l\u00e0 m\u1ed9t <strong>gi\u1ea3i ph\u00e1p tuy\u1ec7t v\u1eddi<\/strong> cho nh\u1eefng ai mu\u1ed1n c\u00f3 m\u1ed9t kh\u00f4ng gian ngh\u1ec9 d\u01b0\u1ee1ng \u0111\u1ed9c \u0111\u00e1o, g\u1ea7n g\u0169i v\u1edbi thi\u00ean nhi\u00ean v\u00e0 ti\u1ebft ki\u1ec7m chi ph\u00ed x\u00e2y d\u1ef1ng, ph\u00f9 h\u1ee3p cho c\u00e1c d\u1ecbch v\u1ee5 kinh doanh v\u00e0 ngh\u1ec9 d\u01b0\u1ee1ng, th\u00edch h\u1ee3p cho nh\u00f3m c\u00e1c b\u1ea1n tr\u1ebb y\u00eau th\u00edch kh\u00e1m ph\u00e1 v\u00e0 tr\u1ea3i nghi\u1ec7m.<\/p>\n","protected":false},"excerpt":{"rendered":"<p>M\u00e1i Che Nh\u00e0 D\u1ea1ng C\u1ea7u<\/p>\n","protected":false},"author":1,"featured_media":2544,"parent":0,"menu_order":4,"template":"","format":"standard","meta":{"_acf_changed":false,"uix_meta_title":"","uix_meta_description":"","uix_canonical_url":"","footnotes":""},"product":[136],"class_list":["post-623","product","type-product","status-publish","format-standard","has-post-thumbnail","hentry","product-flexiidome"],"acf":[],"_links":{"self":[{"href":"https:\/\/flexiiform.vn\/zh\/wp-json\/wp\/v2\/product\/623"}],"collection":[{"href":"https:\/\/flexiiform.vn\/zh\/wp-json\/wp\/v2\/product"}],"about":[{"href":"https:\/\/flexiiform.vn\/zh\/wp-json\/wp\/v2\/types\/product"}],"author":[{"embeddable":true,"href":"https:\/\/flexiiform.vn\/zh\/wp-json\/wp\/v2\/users\/1"}],"version-history":[{"count":6,"href":"https:\/\/flexiiform.vn\/zh\/wp-json\/wp\/v2\/product\/623\/revisions"}],"predecessor-version":[{"id":8233,"href":"https:\/\/flexiiform.vn\/zh\/wp-json\/wp\/v2\/product\/623\/revisions\/8233"}],"wp:featuredmedia":[{"embeddable":true,"href":"https:\/\/flexiiform.vn\/zh\/wp-json\/wp\/v2\/media\/2544"}],"wp:attachment":[{"href":"https:\/\/flexiiform.vn\/zh\/wp-json\/wp\/v2\/media?parent=623"}],"wp:term":[{"taxonomy":"product","embeddable":true,"href":"https:\/\/flexiiform.vn\/zh\/wp-json\/wp\/v2\/product?post=623"}],"curies":[{"name":"wp","href":"https:\/\/api.w.org\/{rel}","templated":true}]}}