{"id":646,"date":"2023-07-10T14:20:23","date_gmt":"2023-07-10T07:20:23","guid":{"rendered":"https:\/\/flexiiform.vn\/?post_type=product&#038;p=646"},"modified":"2025-03-24T11:53:20","modified_gmt":"2025-03-24T04:53:20","slug":"double-cone","status":"publish","type":"product","link":"https:\/\/flexiiform.vn\/zh\/flexiiform-san-pham\/flexiitent\/double-cone\/","title":{"rendered":"Double Cone"},"content":{"rendered":"<p><strong>L\u1ec1u Double Cones<\/strong> l\u00e0 s\u1ea3n ph\u1ea9m \u0111\u1ed9c \u0111\u00e1o c\u1ee7a Flexiiform, \u0111\u01b0\u1ee3c thi\u1ebft k\u1ebf ph\u00f9 h\u1ee3p cho c\u00e1c khu du l\u1ecbch sinh th\u00e1i &#8211; ngh\u1ec9 d\u01b0\u1ee1ng, ph\u00f9 h\u1ee3p cho gia \u0111\u00ecnh hay c\u00e1c nh\u00f3m b\u1ea1n v\u1edbi s\u1ee9c ch\u1ee9a t\u1eeb 4 ng\u01b0\u1eddi tr\u1edf l\u00ean. L\u1ec1u c\u00f3 h\u00ecnh d\u00e1ng hai n\u00f3n \u0111\u1ed1i x\u1ee9ng, t\u1ea1o n\u00ean kh\u00f4ng gian r\u1ed9ng r\u00e3i v\u00e0 tho\u00e1ng m\u00e1t, c\u00f3 th\u1ec3 b\u1ed1 tr\u00ed nhi\u1ec1u lo\u1ea1i n\u1ed9i th\u1ea5t nh\u01b0 gi\u01b0\u1eddng, b\u00e0n gh\u1ebf, t\u1ee7 qu\u1ea7n \u00e1o, m\u00e1y \u0111i\u1ec1u ho\u00e0, nh\u00e0 v\u1ec7 sinh\u2026 L\u1ec1u \u0111\u01b0\u1ee3c l\u00e0m t\u1eeb khung th\u00e9p v\u1eefng ch\u1eafc, v\u1ea3i b\u1ea1t ch\u1ed1ng th\u1ea5m v\u00e0 c\u00e1ch nhi\u1ec7t.<\/p>\n<p><strong>Thi\u1ebft k\u1ebf Double Cones<\/strong> mang phong c\u00e1ch hi\u1ec7n \u0111\u1ea1i v\u00e0 g\u1ea7n g\u0169i v\u1edbi thi\u00ean nhi\u00ean, mang \u0111\u1ebfn cho ng\u01b0\u1eddi d\u00f9ng tr\u1ea3i nghi\u1ec7m ngh\u1ec9 d\u01b0\u1ee1ng \u0111\u1ed9c \u0111\u00e1o v\u00e0 kh\u00f3 qu\u00ean.<\/p>\n<p><strong>\u0110\u1eb7c \u0111i\u1ec3m n\u1ed5i b\u1eadt c\u1ee7a Double Cones<\/strong>:<\/p>\n<ul>\n<li>Kh\u00f4ng gian: r\u1ed9ng r\u00e3i, tho\u00e1ng m\u00e1t, ph\u00f9 h\u1ee3p cho gia \u0111\u00ecnh ho\u1eb7c nh\u00f3m b\u1ea1n.<\/li>\n<li>Th\u1ea9m m\u1ef9: h\u00ecnh d\u00e1ng m\u1edbi l\u1ea1, \u0111\u1ed9c \u0111\u00e1o tr\u00ean th\u1ecb tr\u01b0\u1eddng l\u1ec1u t\u1ea1i Vi\u1ec7t Nam.<\/li>\n<li>An to\u00e0n: k\u1ebft c\u1ea5u ch\u1eafc ch\u1eafn, b\u1ec1n v\u1eefng tr\u01b0\u1edbc t\u00e1c \u0111\u1ed9ng c\u1ee7a c\u00e1c h\u00ecnh th\u00e1i th\u1eddi ti\u1ebft kh\u1eafc nghi\u1ec7t.<\/li>\n<li>Tu\u1ef3 ch\u1ec9nh: k\u00edch th\u01b0\u1edbc \u0111a d\u1ea1ng, m\u00e0u s\u1eafc phong ph\u00fa.<\/li>\n<li>L\u1eafp d\u1ef1ng: nhanh ch\u00f3ng, kh\u00f4ng t\u00e1c \u0111\u1ed9ng \u0111\u1ebfn m\u00f4i tr\u01b0\u1eddng xung quanh.<\/li>\n<li>Tu\u1ed5i th\u1ecd: t\u1eeb 5-10 n\u0103m (d\u1ec5 d\u00e0ng v\u1ec7 sinh, b\u1ea3o d\u01b0\u1ee1ng).<\/li>\n<\/ul>\n","protected":false},"excerpt":{"rendered":"<p>L\u1ec1u Ngh\u1ec9 D\u01b0\u1ee1ng<\/p>\n","protected":false},"author":1,"featured_media":5523,"parent":622,"menu_order":0,"template":"","format":"standard","meta":{"_acf_changed":false,"uix_meta_title":"","uix_meta_description":"","uix_canonical_url":"","footnotes":""},"product":[137],"class_list":["post-646","product","type-product","status-publish","format-standard","has-post-thumbnail","hentry","product-flexiitent"],"acf":[],"_links":{"self":[{"href":"https:\/\/flexiiform.vn\/zh\/wp-json\/wp\/v2\/product\/646"}],"collection":[{"href":"https:\/\/flexiiform.vn\/zh\/wp-json\/wp\/v2\/product"}],"about":[{"href":"https:\/\/flexiiform.vn\/zh\/wp-json\/wp\/v2\/types\/product"}],"author":[{"embeddable":true,"href":"https:\/\/flexiiform.vn\/zh\/wp-json\/wp\/v2\/users\/1"}],"version-history":[{"count":4,"href":"https:\/\/flexiiform.vn\/zh\/wp-json\/wp\/v2\/product\/646\/revisions"}],"predecessor-version":[{"id":9234,"href":"https:\/\/flexiiform.vn\/zh\/wp-json\/wp\/v2\/product\/646\/revisions\/9234"}],"up":[{"embeddable":true,"href":"https:\/\/flexiiform.vn\/zh\/wp-json\/wp\/v2\/product\/622"}],"wp:featuredmedia":[{"embeddable":true,"href":"https:\/\/flexiiform.vn\/zh\/wp-json\/wp\/v2\/media\/5523"}],"wp:attachment":[{"href":"https:\/\/flexiiform.vn\/zh\/wp-json\/wp\/v2\/media?parent=646"}],"wp:term":[{"taxonomy":"product","embeddable":true,"href":"https:\/\/flexiiform.vn\/zh\/wp-json\/wp\/v2\/product?post=646"}],"curies":[{"name":"wp","href":"https:\/\/api.w.org\/{rel}","templated":true}]}}