{"id":654,"date":"2023-07-10T14:24:46","date_gmt":"2023-07-10T07:24:46","guid":{"rendered":"https:\/\/flexiiform.vn\/?post_type=product&#038;p=654"},"modified":"2025-03-24T10:26:50","modified_gmt":"2025-03-24T03:26:50","slug":"folding","status":"publish","type":"product","link":"https:\/\/flexiiform.vn\/zh\/flexiiform-san-pham\/flexiismart\/folding\/","title":{"rendered":"Folding"},"content":{"rendered":"<p style=\"text-align: justify\">V\u1edbi kh\u1ed1i ph\u1ee7 PVC \u0111\u1eb7c bi\u1ec7t, <strong>m\u00e1i che FlexiiSmart<\/strong> gi\u00fap b\u1ea3o v\u1ec7 ho\u00e0n to\u00e0n kh\u00f4ng gian s\u1ed1ng kh\u1ecfi th\u1eddi ti\u1ebft kh\u1eafc nghi\u1ec7t nh\u01b0 n\u1eafng, m\u01b0a, tuy\u1ebft v\u00e0 gi\u00f3. M\u00e1i di \u0111\u1ed9ng khi ch\u1ea1y ra v\u1eabn gi\u1eef \u0111\u01b0\u1ee3c \u0111\u1ed9 c\u0103ng ph\u1eb3ng t\u1ea1o \u0111\u1ed9 th\u1ea9m m\u1ef9 tuy\u1ec7t \u0111\u1ed1i. H\u1ec7 th\u1ed1ng v\u1edbi c\u00e1c \u1ee9ng d\u1ee5ng \u0111a d\u1ea1ng, \u0111em \u0111\u1ebfn cho qu\u00fd kh\u00e1ch c\u00e1c khu v\u1ef1c ri\u00eang t\u01b0, kh\u00e9p k\u00edn ho\u00e0n to\u00e0n.<\/p>\n<p><strong>\u0110\u1eb7c \u0111i\u1ec3m n\u1ed5i b\u1eadt<\/strong><br \/>\nC\u00f3 trang b\u1ecb th\u00eam c\u00e1c thi\u1ebft b\u1ecb nh\u01b0:<\/p>\n<ul>\n<li>C\u1ea3m bi\u1ebfn \u00e1nh s\u00e1ng m\u1eb7t tr\u1eddi.<\/li>\n<li>C\u1ea3m bi\u1ebfn gi\u00f3.<\/li>\n<li>H\u1ec7 th\u1ed1ng \u0111\u00e8n led chi\u1ebfu s\u00e1ng.<\/li>\n<li>V\u1ea3i b\u1ea1t theo m\u00e0u ti\u00eau chu\u1ea9n.<\/li>\n<\/ul>\n","protected":false},"excerpt":{"rendered":"<p>H\u1ec7 Th\u1ed1ng Di \u0110\u1ed9ng Th\u00f4ng Minh<\/p>\n","protected":false},"author":1,"featured_media":5277,"parent":621,"menu_order":0,"template":"","format":"standard","meta":{"_acf_changed":false,"uix_meta_title":"","uix_meta_description":"","uix_canonical_url":"","footnotes":""},"product":[138],"class_list":["post-654","product","type-product","status-publish","format-standard","has-post-thumbnail","hentry","product-flexiismart"],"acf":[],"_links":{"self":[{"href":"https:\/\/flexiiform.vn\/zh\/wp-json\/wp\/v2\/product\/654"}],"collection":[{"href":"https:\/\/flexiiform.vn\/zh\/wp-json\/wp\/v2\/product"}],"about":[{"href":"https:\/\/flexiiform.vn\/zh\/wp-json\/wp\/v2\/types\/product"}],"author":[{"embeddable":true,"href":"https:\/\/flexiiform.vn\/zh\/wp-json\/wp\/v2\/users\/1"}],"version-history":[{"count":5,"href":"https:\/\/flexiiform.vn\/zh\/wp-json\/wp\/v2\/product\/654\/revisions"}],"predecessor-version":[{"id":9238,"href":"https:\/\/flexiiform.vn\/zh\/wp-json\/wp\/v2\/product\/654\/revisions\/9238"}],"up":[{"embeddable":true,"href":"https:\/\/flexiiform.vn\/zh\/wp-json\/wp\/v2\/product\/621"}],"wp:featuredmedia":[{"embeddable":true,"href":"https:\/\/flexiiform.vn\/zh\/wp-json\/wp\/v2\/media\/5277"}],"wp:attachment":[{"href":"https:\/\/flexiiform.vn\/zh\/wp-json\/wp\/v2\/media?parent=654"}],"wp:term":[{"taxonomy":"product","embeddable":true,"href":"https:\/\/flexiiform.vn\/zh\/wp-json\/wp\/v2\/product?post=654"}],"curies":[{"name":"wp","href":"https:\/\/api.w.org\/{rel}","templated":true}]}}