{"id":656,"date":"2023-07-10T14:24:46","date_gmt":"2023-07-10T07:24:46","guid":{"rendered":"https:\/\/flexiiform.vn\/?post_type=product&#038;p=656"},"modified":"2025-03-24T10:26:50","modified_gmt":"2025-03-24T03:26:50","slug":"sliding","status":"publish","type":"product","link":"https:\/\/flexiiform.vn\/zh\/flexiiform-san-pham\/flexiismart\/sliding\/","title":{"rendered":"Sliding"},"content":{"rendered":"<p><strong>H\u1ec7 th\u1ed1ng m\u00e1i tr\u01b0\u1ee3t FlexiiSmart<\/strong> t\u1ea1o ra b\u00f3ng r\u00e2m ho\u00e0n h\u1ea3o cho kh\u00f4ng gian s\u1ed1ng. V\u1edbi h\u1ec7 khung ray ch\u1eafn ch\u1eafn, <strong>FlexiiSmart<\/strong> ch\u1ecbu \u0111\u01b0\u1ee3c m\u01b0a n\u1eafng ngo\u00e0i tr\u1eddi v\u00e0 \u0111\u1ed9 \u1ed3n gi\u1ea3m \u0111\u1ebfn m\u1ee9c t\u1ed1i thi\u1ec3u \u0111\u1ed3ng th\u1eddi ph\u1ea7n v\u1ea3i c\u0169ng lu\u00f4n \u0111\u01b0\u1ee3c gi\u1eef \u0111\u01b0\u1ee3c \u0111\u1ed9 c\u0103ng ph\u1eb3ng v\u00e0 th\u1ea9m m\u1ef9. V\u1edbi h\u1ec7 th\u1ed1ng m\u00e1i t\u00f9y ch\u1ec9nh linh ho\u1ea1t, m\u00e1ng tr\u01b0\u1ee3t c\u00f3 th\u1ec3 \u0111\u01b0\u1ee3c k\u00e9o ra, v\u00e0o \u0111\u1ec3 l\u1ea5y \u00e1nh s\u00e1ng t\u1ef1 nhi\u00ean cho kh\u00f4ng gian b\u00ean d\u01b0\u1edbi m\u00e1i.<\/p>\n<p><strong>\u0110\u1eb7c \u0111i\u1ec3m n\u1ed5i b\u1eadt<\/strong><br \/>\nC\u00f3 trang b\u1ecb th\u00eam c\u00e1c thi\u1ebft b\u1ecb nh\u01b0:<\/p>\n<ul>\n<li>C\u1ea3m bi\u1ebfn \u00e1nh s\u00e1ng m\u1eb7t tr\u1eddi<\/li>\n<li>C\u1ea3m bi\u1ebfn gi\u00f3<\/li>\n<li>H\u1ec7 th\u1ed1ng \u0111\u00e8n LED chi\u1ebfu s\u00e1ng<\/li>\n<li>V\u1ea3i b\u1ea1t theo m\u00e0u ti\u00eau chu\u1ea9n&#8221;<\/li>\n<\/ul>\n","protected":false},"excerpt":{"rendered":"<p>H\u1ec7 Th\u1ed1ng Di \u0110\u1ed9ng Th\u00f4ng Minh<\/p>\n","protected":false},"author":1,"featured_media":5279,"parent":621,"menu_order":0,"template":"","format":"standard","meta":{"_acf_changed":false,"uix_meta_title":"","uix_meta_description":"","uix_canonical_url":"","footnotes":""},"product":[138],"class_list":["post-656","product","type-product","status-publish","format-standard","has-post-thumbnail","hentry","product-flexiismart"],"acf":[],"_links":{"self":[{"href":"https:\/\/flexiiform.vn\/zh\/wp-json\/wp\/v2\/product\/656"}],"collection":[{"href":"https:\/\/flexiiform.vn\/zh\/wp-json\/wp\/v2\/product"}],"about":[{"href":"https:\/\/flexiiform.vn\/zh\/wp-json\/wp\/v2\/types\/product"}],"author":[{"embeddable":true,"href":"https:\/\/flexiiform.vn\/zh\/wp-json\/wp\/v2\/users\/1"}],"version-history":[{"count":4,"href":"https:\/\/flexiiform.vn\/zh\/wp-json\/wp\/v2\/product\/656\/revisions"}],"predecessor-version":[{"id":9239,"href":"https:\/\/flexiiform.vn\/zh\/wp-json\/wp\/v2\/product\/656\/revisions\/9239"}],"up":[{"embeddable":true,"href":"https:\/\/flexiiform.vn\/zh\/wp-json\/wp\/v2\/product\/621"}],"wp:featuredmedia":[{"embeddable":true,"href":"https:\/\/flexiiform.vn\/zh\/wp-json\/wp\/v2\/media\/5279"}],"wp:attachment":[{"href":"https:\/\/flexiiform.vn\/zh\/wp-json\/wp\/v2\/media?parent=656"}],"wp:term":[{"taxonomy":"product","embeddable":true,"href":"https:\/\/flexiiform.vn\/zh\/wp-json\/wp\/v2\/product?post=656"}],"curies":[{"name":"wp","href":"https:\/\/api.w.org\/{rel}","templated":true}]}}