{"id":657,"date":"2023-07-10T14:24:53","date_gmt":"2023-07-10T07:24:53","guid":{"rendered":"https:\/\/flexiiform.vn\/?post_type=product&#038;p=657"},"modified":"2025-03-20T16:31:57","modified_gmt":"2025-03-20T09:31:57","slug":"roller-blind","status":"publish","type":"product","link":"https:\/\/flexiiform.vn\/zh\/flexiiform-san-pham\/flexiismart\/roller-blind\/","title":{"rendered":"Roller Blind"},"content":{"rendered":"<p><strong>R\u00e8m cu\u1ed1n FlexiiSmart<\/strong> l\u00e0 h\u1ec7 th\u1ed1ng r\u00e8m che n\u1eafng, ho\u1ea1t \u0111\u1ed9ng nh\u01b0 cu\u1ed9n b\u0103ng cassette theo chi\u1ec1u d\u1ecdc, gi\u1eef cho kh\u00f4ng gian n\u1ed9i th\u1ea5t trong tr\u1ea1ng th\u00e1i an to\u00e0n, b\u1ea3o v\u1ec7 kh\u1ecfi c\u00e1c t\u00e1c \u0111\u1ed9ng th\u1eddi ti\u1ebft. R\u00e8m c\u00f3 nhi\u1ec1u m\u00e0u s\u1eafc v\u00e0 hoa v\u0103n v\u00e0 t\u1ef1 \u0111\u1ed9ng h\u00f3a.<\/p>\n<p><strong>C\u00f3 c\u00e1c d\u1ea1ng sau:<\/strong><\/p>\n<ul>\n<li>R\u00e8m n\u0103ng l\u01b0\u1ee3ng cu\u1ed1n b\u00ean ngo\u00e0i.<\/li>\n<li>R\u00e8m n\u0103ng l\u01b0\u1ee3ng cu\u1ed1n b\u00ean trong.<\/li>\n<li>R\u00e8m d\u00e2y k\u00e9o.<\/li>\n<\/ul>\n<p><strong>\u0110\u1eb7c \u0111i\u1ec3m n\u1ed5i b\u1eadt:<\/strong><\/p>\n<ul>\n<li>Thanh r\u00e2y d\u1eabn h\u01b0\u1edbng gi\u00fap gi\u1eef c\u0103ng ph\u1ea7n v\u1ea3i.<\/li>\n<li>S\u1eed d\u1ee5ng c\u00f4ng ngh\u1ec7 \u00e9p nhi\u1ec7t v\u1ea3i v\u00e0o thanh ray hai b\u00ean.<\/li>\n<\/ul>\n","protected":false},"excerpt":{"rendered":"<p>H\u1ec7 Th\u1ed1ng Di \u0110\u1ed9ng Th\u00f4ng Minh<\/p>\n","protected":false},"author":1,"featured_media":5278,"parent":621,"menu_order":0,"template":"","format":"standard","meta":{"_acf_changed":false,"uix_meta_title":"","uix_meta_description":"","uix_canonical_url":"","footnotes":""},"product":[138],"class_list":["post-657","product","type-product","status-publish","format-standard","has-post-thumbnail","hentry","product-flexiismart"],"acf":[],"_links":{"self":[{"href":"https:\/\/flexiiform.vn\/zh\/wp-json\/wp\/v2\/product\/657"}],"collection":[{"href":"https:\/\/flexiiform.vn\/zh\/wp-json\/wp\/v2\/product"}],"about":[{"href":"https:\/\/flexiiform.vn\/zh\/wp-json\/wp\/v2\/types\/product"}],"author":[{"embeddable":true,"href":"https:\/\/flexiiform.vn\/zh\/wp-json\/wp\/v2\/users\/1"}],"version-history":[{"count":6,"href":"https:\/\/flexiiform.vn\/zh\/wp-json\/wp\/v2\/product\/657\/revisions"}],"predecessor-version":[{"id":9240,"href":"https:\/\/flexiiform.vn\/zh\/wp-json\/wp\/v2\/product\/657\/revisions\/9240"}],"up":[{"embeddable":true,"href":"https:\/\/flexiiform.vn\/zh\/wp-json\/wp\/v2\/product\/621"}],"wp:featuredmedia":[{"embeddable":true,"href":"https:\/\/flexiiform.vn\/zh\/wp-json\/wp\/v2\/media\/5278"}],"wp:attachment":[{"href":"https:\/\/flexiiform.vn\/zh\/wp-json\/wp\/v2\/media?parent=657"}],"wp:term":[{"taxonomy":"product","embeddable":true,"href":"https:\/\/flexiiform.vn\/zh\/wp-json\/wp\/v2\/product?post=657"}],"curies":[{"name":"wp","href":"https:\/\/api.w.org\/{rel}","templated":true}]}}