{"id":663,"date":"2023-07-10T14:28:11","date_gmt":"2023-07-10T07:28:11","guid":{"rendered":"https:\/\/flexiiform.vn\/?post_type=product&#038;p=663"},"modified":"2025-03-20T16:43:35","modified_gmt":"2025-03-20T09:43:35","slug":"door-span","status":"publish","type":"product","link":"https:\/\/flexiiform.vn\/zh\/flexiiform-san-pham\/flexiispan\/door-span\/","title":{"rendered":"Door Span"},"content":{"rendered":"<p>H\u1ec7 th\u1ed1ng <strong>DoorSpan<\/strong> mang l\u1ea1i gi\u1ea3i ph\u00e1p linh ho\u1ea1t, v\u00f4 c\u00f9ng h\u1eefu \u00edch cho c\u00e1c nh\u00e0 m\u00e1y c\u00f4ng nghi\u1ec7p. <strong>DoorSpan<\/strong> c\u00f3 th\u1ec3 \u0111\u01b0\u1ee3c c\u1ed1 \u0111\u1ecbnh b\u00ean trong ho\u1eb7c b\u00ean ngo\u00e0i m\u1ed9t c\u00e1ch d\u1ec5 d\u00e0ng. T\u00ednh ch\u1ea5t ho\u1ea1t \u0111\u1ed9ng tr\u01a1n tru trong m\u1ecdi \u0111i\u1ec1u ki\u1ec7n th\u1eddi ti\u1ebft kh\u1eafc nghi\u1ec7t nh\u1ea5t nh\u01b0 gi\u00f3 l\u1edbn, m\u00f4i tr\u01b0\u1eddng b\u1ee5i b\u1ea9n v\u00e0 ch\u1ed1ng \u0103n m\u00f2n.<\/p>\n<p><strong>\u0110\u1eb7c \u0111i\u1ec3m n\u1ed5i b\u1eadt c\u1ee7a DoorSpan\u2122:<\/strong><\/p>\n<ul>\n<li>C\u00f3 trang b\u1ecb h\u1ec7 th\u1ed1ng an to\u00e0n \u0111\u1ee9t c\u00e1p trong m\u1ecdi t\u00ecnh hu\u1ed1ng kh\u1ea9n c\u1ea5p.<\/li>\n<li>H\u1ed9p \u0111i\u1ec1u khi\u1ec3n \u0111\u01b0\u1ee3c thi\u1ebft k\u1ebf \u0111\u1ec3 s\u1eed d\u1ee5ng thu\u1eadn ti\u1ec7n v\u00e0 an to\u00e0n.<\/li>\n<li>C\u1eeda c\u00f3 th\u1ec3 \u0111i\u1ec1u khi\u1ec3n d\u1eebng b\u1eb1ng h\u1ec7 th\u1ed1ng ng\u1eaft.<\/li>\n<li>H\u1ea7u nh\u01b0 kh\u00f4ng c\u1ea7n b\u1ea3o tr\u00ec.<\/li>\n<\/ul>\n<p><strong>\u1ee8ng d\u1ee5ng DoorSpan\u2122:<\/strong><\/p>\n<ul>\n<li>C\u00f4ng nghi\u1ec7p \u0111\u00f3ng t\u00e0u.<\/li>\n<li>Nh\u00e0 ch\u1ee9a m\u00e1y bay.<\/li>\n<li>Nh\u00e0 kho l\u1edbn.<\/li>\n<li>C\u00e1c khu v\u1ef1c n\u1ed5 m\u00ecn v\u00e0 khai th\u00e1c m\u1ecf.<\/li>\n<\/ul>\n","protected":false},"excerpt":{"rendered":"<p>H\u1ec7 Th\u1ed1ng Di \u0110\u1ed9ng Th\u00f4ng Minh<\/p>\n","protected":false},"author":1,"featured_media":7491,"parent":620,"menu_order":0,"template":"","format":"standard","meta":{"_acf_changed":false,"uix_meta_title":"","uix_meta_description":"","uix_canonical_url":"","footnotes":""},"product":[139],"class_list":["post-663","product","type-product","status-publish","format-standard","has-post-thumbnail","hentry","product-flexiispan"],"acf":[],"_links":{"self":[{"href":"https:\/\/flexiiform.vn\/zh\/wp-json\/wp\/v2\/product\/663"}],"collection":[{"href":"https:\/\/flexiiform.vn\/zh\/wp-json\/wp\/v2\/product"}],"about":[{"href":"https:\/\/flexiiform.vn\/zh\/wp-json\/wp\/v2\/types\/product"}],"author":[{"embeddable":true,"href":"https:\/\/flexiiform.vn\/zh\/wp-json\/wp\/v2\/users\/1"}],"version-history":[{"count":5,"href":"https:\/\/flexiiform.vn\/zh\/wp-json\/wp\/v2\/product\/663\/revisions"}],"predecessor-version":[{"id":9358,"href":"https:\/\/flexiiform.vn\/zh\/wp-json\/wp\/v2\/product\/663\/revisions\/9358"}],"up":[{"embeddable":true,"href":"https:\/\/flexiiform.vn\/zh\/wp-json\/wp\/v2\/product\/620"}],"wp:featuredmedia":[{"embeddable":true,"href":"https:\/\/flexiiform.vn\/zh\/wp-json\/wp\/v2\/media\/7491"}],"wp:attachment":[{"href":"https:\/\/flexiiform.vn\/zh\/wp-json\/wp\/v2\/media?parent=663"}],"wp:term":[{"taxonomy":"product","embeddable":true,"href":"https:\/\/flexiiform.vn\/zh\/wp-json\/wp\/v2\/product?post=663"}],"curies":[{"name":"wp","href":"https:\/\/api.w.org\/{rel}","templated":true}]}}