{"id":664,"date":"2023-07-10T14:28:11","date_gmt":"2023-07-10T07:28:11","guid":{"rendered":"https:\/\/flexiiform.vn\/?post_type=product&#038;p=664"},"modified":"2025-03-20T16:43:35","modified_gmt":"2025-03-20T09:43:35","slug":"wallspan","status":"publish","type":"product","link":"https:\/\/flexiiform.vn\/zh\/flexiiform-san-pham\/flexiispan\/wallspan\/","title":{"rendered":"Wallspan"},"content":{"rendered":"<p>V\u00e1ch ng\u0103n b\u1eb1ng b\u1ea1t v\u1edbi t\u00ednh ti\u1ec7n d\u1ee5ng, linh ho\u1ea1t, b\u1ec1n \u0111\u1eb9p v\u00e0 ti\u1ebft ki\u1ec7m chi ph\u00ed l\u00e0 m\u1ed9t gi\u1ea3i ph\u00e1p tuy\u1ec7t v\u1eddi, t\u1ea1o ra kh\u00f4ng gian ri\u00eang bi\u1ec7t v\u00e0 an to\u00e0n cho nhi\u1ec1u c\u00f4ng tr\u00ecnh kh\u00e1c nhau nh\u1edd kh\u1ea3 n\u0103ng v\u01b0\u1ee3t nh\u1ecbp l\u1edbn.<\/p>\n<p><strong>\u0110\u1eb7c \u0111i\u1ec3m n\u1ed5i b\u1eadt WallSpan\u2122<\/strong><\/p>\n<ul>\n<li>Gi\u1ea3m thi\u1ec3u \u00e1p l\u1ef1c l\u00ean k\u1ebft c\u1ea5u c\u1ee7a c\u00f4ng tr\u00ecnh v\u00e0 ti\u1ebft ki\u1ec7m chi ph\u00ed x\u00e2y d\u1ef1ng nh\u1edd tr\u1ecdng l\u01b0\u1ee3ng v\u1eadt li\u1ec7u nh\u1eb9.<\/li>\n<li>C\u00f3 th\u1ec3 k\u1ebft h\u1ee3p v\u1edbi c\u00e1c v\u1eadt li\u1ec7u truy\u1ec1n th\u1ed1ng kh\u00e1c nh\u1eb1m gi\u1ea3m chi ph\u00ed n\u0103ng l\u01b0\u1ee3ng cho t\u00f2a nh\u00e0.<\/li>\n<li>C\u00f3 kh\u1ea3 n\u0103ng ng\u0103n ch\u1eb7n s\u1ef1 truy\u1ec1n nhi\u1ec7t v\u00e0 \u00e2m thanh gi\u1eefa c\u00e1c kh\u00f4ng gian kh\u00e1c nhau.<\/li>\n<li>D\u1ec5 d\u00e0ng lau ch\u00f9i v\u00e0 v\u1ec7 sinh khi c\u1ea7n thi\u1ebft, gi\u00fap ti\u1ebft ki\u1ec7m th\u1eddi gian v\u00e0 chi ph\u00ed b\u1ea3o tr\u00ec.<\/li>\n<li>Th\u1eddi gian s\u1ea3n xu\u1ea5t v\u00e0 l\u1eafp \u0111\u1eb7t nhanh ch\u00f3ng<\/li>\n<\/ul>\n<p><strong>\u1ee8ng d\u1ee5ng WallSpan\u2122<\/strong><\/p>\n<ul>\n<li>Nh\u00e0 h\u00e0ng, qu\u00e1n c\u00e0 ph\u00ea, kh\u00e1ch s\u1ea1n, v\u0103n ph\u00f2ng, ph\u00f2ng h\u1ecdp.<\/li>\n<li>Khu khai th\u00e1c kho\u00e1ng s\u1ea3n, d\u1ea7u m\u1ecf, kh\u00ed \u0111\u1ed1t, kh\u1ea3o c\u1ed5.<\/li>\n<li>Nh\u00e0 x\u01b0\u1edfng: \u0111\u00f3ng t\u00e0u, b\u1ea3o d\u01b0\u1ee1ng m\u00e1y bay.<\/li>\n<li>S\u1ef1 ki\u1ec7n \u00e2m nh\u1ea1c, gi\u1ea3i tr\u00ed, h\u1ed9i ch\u1ee3.<\/li>\n<li>S\u00e2n th\u1ec3 thao, tr\u01b0\u1eddng \u0111ua.<\/li>\n<li>Nh\u00e0 kho l\u01b0u tr\u1eef.<\/li>\n<li>Nh\u00e0 tr\u01b0ng b\u00e0y.<\/li>\n<\/ul>\n","protected":false},"excerpt":{"rendered":"<p>M\u00e1i Che Nh\u00e0 X\u01b0\u1edfng C\u00f4ng Nghi\u1ec7p<\/p>\n","protected":false},"author":1,"featured_media":7492,"parent":620,"menu_order":0,"template":"","format":"standard","meta":{"_acf_changed":false,"uix_meta_title":"","uix_meta_description":"","uix_canonical_url":"","footnotes":""},"product":[139],"class_list":["post-664","product","type-product","status-publish","format-standard","has-post-thumbnail","hentry","product-flexiispan"],"acf":[],"_links":{"self":[{"href":"https:\/\/flexiiform.vn\/zh\/wp-json\/wp\/v2\/product\/664"}],"collection":[{"href":"https:\/\/flexiiform.vn\/zh\/wp-json\/wp\/v2\/product"}],"about":[{"href":"https:\/\/flexiiform.vn\/zh\/wp-json\/wp\/v2\/types\/product"}],"author":[{"embeddable":true,"href":"https:\/\/flexiiform.vn\/zh\/wp-json\/wp\/v2\/users\/1"}],"version-history":[{"count":5,"href":"https:\/\/flexiiform.vn\/zh\/wp-json\/wp\/v2\/product\/664\/revisions"}],"predecessor-version":[{"id":9242,"href":"https:\/\/flexiiform.vn\/zh\/wp-json\/wp\/v2\/product\/664\/revisions\/9242"}],"up":[{"embeddable":true,"href":"https:\/\/flexiiform.vn\/zh\/wp-json\/wp\/v2\/product\/620"}],"wp:featuredmedia":[{"embeddable":true,"href":"https:\/\/flexiiform.vn\/zh\/wp-json\/wp\/v2\/media\/7492"}],"wp:attachment":[{"href":"https:\/\/flexiiform.vn\/zh\/wp-json\/wp\/v2\/media?parent=664"}],"wp:term":[{"taxonomy":"product","embeddable":true,"href":"https:\/\/flexiiform.vn\/zh\/wp-json\/wp\/v2\/product?post=664"}],"curies":[{"name":"wp","href":"https:\/\/api.w.org\/{rel}","templated":true}]}}